{"id":9710,"date":"2021-04-16T12:52:18","date_gmt":"2021-04-16T10:52:18","guid":{"rendered":"https:\/\/newvbtg.msalaskreacion.es\/cookies-policy\/"},"modified":"2021-11-02T10:24:51","modified_gmt":"2021-11-02T09:24:51","slug":"cookies-policy","status":"publish","type":"page","link":"https:\/\/barcelonaviptour.com\/hu\/cookies-policy\/","title":{"rendered":"S\u00dcTIKRE VONATKOZ\u00d3 POLITIKA"},"content":{"rendered":"<p>A c\u00e9g &#8211; Utaz\u00e1si iroda Barcelona Tours &amp; Events. S.L , CIF: B55108518 , Av Pau Casals, 38, 2\u00ba, 5\u00aa. 08389. Palafolls, Spanyolorsz\u00e1g. A k\u00f6vetkez\u0151kben ismerteti a cookie-k gy\u0171jt\u00e9s\u00e9re \u00e9s feldolgoz\u00e1s\u00e1ra vonatkoz\u00f3 politik\u00e1j\u00e1t, az inform\u00e1ci\u00f3s t\u00e1rsadalom szolg\u00e1ltat\u00e1sair\u00f3l \u00e9s az elektronikus kereskedelemr\u0151l sz\u00f3l\u00f3, j\u00falius 11-i 34\/2002 t\u00f6rv\u00e9ny (LSSI-CE) 22. cikk\u00e9nek (2) bekezd\u00e9s\u00e9vel \u00f6sszhangban.<\/p>\n<p>A cookie-kat a felhaszn\u00e1l\u00f3 v\u00e9gberendez\u00e9s\u00e9n (sz\u00e1m\u00edt\u00f3g\u00e9p vagy mobileszk\u00f6z) t\u00e1rolj\u00e1k, \u00e9s a https:\/\/www.barcelonaviptour.com\/ weboldal l\u00e1togat\u00e1sa sor\u00e1n inform\u00e1ci\u00f3kat gy\u0171jtenek, hogy jav\u00edts\u00e1k a weboldal haszn\u00e1lhat\u00f3s\u00e1g\u00e1t, megismerj\u00e9k a felhaszn\u00e1l\u00f3k szok\u00e1sait vagy b\u00f6ng\u00e9sz\u00e9si ig\u00e9nyeit, hogy alkalmazkodni tudjanak hozz\u00e1juk, valamint statisztikai c\u00e9l\u00fa inform\u00e1ci\u00f3kat szerezzenek. Azon felhaszn\u00e1l\u00f3k eset\u00e9ben, akik m\u00e1r a Barcelona tours&amp; events \u00fcgyfelei. S.L , a cookie-kkal gy\u0171jt\u00f6tt inform\u00e1ci\u00f3k arra is szolg\u00e1lnak, hogy azonos\u00edts\u00e1k \u0151ket, amikor hozz\u00e1f\u00e9rnek a k\u00fcl\u00f6nb\u00f6z\u0151 eszk\u00f6z\u00f6kh\u00f6z, amelyek a szolg\u00e1ltat\u00e1sok kezel\u00e9s\u00e9hez \u00e1llnak rendelkez\u00e9s\u00fckre.<\/p>\n<p>Ez a Cookie szab\u00e1lyzat azokra a felhaszn\u00e1l\u00f3kra vonatkozik, akik \u00f6nk\u00e9ntesen l\u00e1togatj\u00e1k a Barcelona Tours &amp; Events weboldalait. S.L , adatgy\u0171jt\u0151 \u0171rlapokat t\u00f6ltenek ki, hozz\u00e1f\u00e9rnek a Barcelona Tours &amp; Events. S.L. az \u00fcgyfelei rendelkez\u00e9s\u00e9re bocs\u00e1tja szolg\u00e1ltat\u00e1saik kezel\u00e9s\u00e9hez, vagy b\u00e1rmely m\u00e1s olyan, a weboldalon jelen l\u00e9v\u0151 szolg\u00e1ltat\u00e1st haszn\u00e1lnak, amely adatk\u00f6zl\u00e9ssel j\u00e1r a Barcelona Tours &amp; Events. S.L. \u00e1ltali adathozz\u00e1f\u00e9r\u00e9st, vagy a Barcelona Tours &amp; Events. S.L. szolg\u00e1ltat\u00e1sainak ny\u00fajt\u00e1s\u00e1hoz.<\/p>\n<p>Barcelona Tours &amp; Events. S.L. t\u00e1j\u00e9koztatja a weboldalak felhaszn\u00e1l\u00f3it a s\u00fctik l\u00e9tez\u00e9s\u00e9r\u0151l, \u00e9s a jelen szab\u00e1lyzatot bocs\u00e1tja rendelkez\u00e9s\u00fckre azzal a c\u00e9llal, hogy t\u00e1j\u00e9koztassa \u0151ket a s\u00fctik haszn\u00e1lat\u00e1r\u00f3l \u00e9s c\u00e9lj\u00e1r\u00f3l. Az oldalakon val\u00f3 tov\u00e1bbi navig\u00e1l\u00e1s t\u00e9nye azt felt\u00e9telezi, hogy a felhaszn\u00e1l\u00f3k ismerik \u00e9s elfogadj\u00e1k a jelen szab\u00e1lyzatot.<\/p>\n<p>Barcelona Tours &amp; Events. S.L. a k\u00f6vetkez\u0151 t\u00edpus\u00fa s\u00fctiket haszn\u00e1lja: Tulajdonjoguk szerint oszt\u00e1lyozva:<\/p>\n<p>* Saj\u00e1t s\u00fctik: k\u00f6zvetlen\u00fcl a BARCELONA TOURS &amp; EVENTS. S.L .<\/p>\n<p>*Harmadik f\u00e9lt\u0151l sz\u00e1rmaz\u00f3 s\u00fctik: a BARCELONA TOURS &amp; EVENTS. S.L , anonim m\u00f3don, a BARCELONA TOURS &amp; EVENTS. weboldalain val\u00f3 navig\u00e1ci\u00f3r\u00f3l sz\u00f3l\u00f3 statisztikai tanulm\u00e1nyok k\u00e9sz\u00edt\u00e9se c\u00e9lj\u00e1b\u00f3l. S.L .<\/p>\n<p>C\u00e9ljuk szerint oszt\u00e1lyozva:<\/p>\n<p>*Technikai \u00e9s\/vagy szem\u00e9lyre szab\u00e1si s\u00fctik: megk\u00f6nny\u00edtik a navig\u00e1ci\u00f3t a munkamenet azonos\u00edt\u00e1s\u00e1val, lehet\u0151v\u00e9 teszik a korl\u00e1tozott hozz\u00e1f\u00e9r\u00e9s\u0171 eszk\u00f6z\u00f6kh\u00f6z val\u00f3 hozz\u00e1f\u00e9r\u00e9st, valamint a rendelkez\u00e9sre \u00e1ll\u00f3 lehet\u0151s\u00e9gek konfigur\u00e1l\u00e1s\u00e1t. Lehet\u0151v\u00e9 teszik a felhaszn\u00e1l\u00f3 \u00e1ltal kor\u00e1bban k\u00e9rt szolg\u00e1ltat\u00e1s ny\u00fajt\u00e1s\u00e1t.<\/p>\n<p>*Anal\u00edzis \u00e9s\/vagy hirdet\u00e9si s\u00fctik: ezek lehet\u0151v\u00e9 teszik a weboldalak k\u00fcl\u00f6nb\u00f6z\u0151 r\u00e9szein kapott l\u00e1togat\u00e1sok sz\u00e1m\u00e1nak, a felhaszn\u00e1l\u00f3k szok\u00e1sainak \u00e9s trendjeinek megismer\u00e9s\u00e9t, \u00e9s ennek k\u00f6vetkezt\u00e9ben a navig\u00e1ci\u00f3 \u00e9s a BARCELONA TOURS &amp; EVENTS \u00e1ltal k\u00edn\u00e1lt szolg\u00e1ltat\u00e1s jav\u00edt\u00e1s\u00e1t. S.L (alapvet\u0151en a Google Analytics*), valamint a felhaszn\u00e1l\u00f3 \u00e1ltal megl\u00e1togatott weboldalon tal\u00e1lhat\u00f3 rekl\u00e1mfel\u00fcletek kezel\u00e9se. Az adatokat n\u00e9vtelen\u00fcl gy\u0171jti a felhaszn\u00e1l\u00f3i navig\u00e1ci\u00f3s profilok megszerz\u00e9se \u00e9rdek\u00e9ben.<\/p>\n<p>Id\u0151tartamuk szerint oszt\u00e1lyozva:<\/p>\n<p>*Technikai \u00e9s\/vagy szem\u00e9lyre szab\u00e1si s\u00fctik: megk\u00f6nny\u00edtik a navig\u00e1ci\u00f3t a munkamenet azonos\u00edt\u00e1s\u00e1val, lehet\u0151v\u00e9 teszik a korl\u00e1tozott hozz\u00e1f\u00e9r\u00e9s\u0171 eszk\u00f6z\u00f6kh\u00f6z val\u00f3 hozz\u00e1f\u00e9r\u00e9st, valamint a rendelkez\u00e9sre \u00e1ll\u00f3 lehet\u0151s\u00e9gek konfigur\u00e1l\u00e1s\u00e1t. Lehet\u0151v\u00e9 teszik a felhaszn\u00e1l\u00f3 \u00e1ltal kor\u00e1bban k\u00e9rt szolg\u00e1ltat\u00e1s ny\u00fajt\u00e1s\u00e1t.<\/p>\n<p>*Anal\u00edzis \u00e9s\/vagy hirdet\u00e9si s\u00fctik: ezek lehet\u0151v\u00e9 teszik a weboldalak k\u00fcl\u00f6nb\u00f6z\u0151 r\u00e9szein kapott l\u00e1togat\u00e1sok sz\u00e1m\u00e1nak, a felhaszn\u00e1l\u00f3k szok\u00e1sainak \u00e9s trendjeinek megismer\u00e9s\u00e9t, \u00e9s k\u00f6vetkez\u00e9sk\u00e9ppen a navig\u00e1ci\u00f3 \u00e9s a BARCELONA TOURS &amp; EVENTS \u00e1ltal k\u00edn\u00e1lt szolg\u00e1ltat\u00e1s jav\u00edt\u00e1s\u00e1t. S.L (alapvet\u0151en a Google Analytics*), valamint a felhaszn\u00e1l\u00f3 \u00e1ltal megl\u00e1togatott weboldalon tal\u00e1lhat\u00f3 rekl\u00e1mfel\u00fcletek kezel\u00e9se. Az adatokat n\u00e9vtelen\u00fcl gy\u0171jti a felhaszn\u00e1l\u00f3i navig\u00e1ci\u00f3s profilok megszerz\u00e9se \u00e9rdek\u00e9ben.<\/p>\n<p>Id\u0151tartamuk szerint oszt\u00e1lyozva:<\/p>\n<p>*Session cookie-k: adatokat gy\u0171jtenek \u00e9s t\u00e1rolnak, am\u00edg a felhaszn\u00e1l\u00f3 bel\u00e9p a weboldalra.<\/p>\n<p>*Perzisztens cookie-k: a felhaszn\u00e1l\u00f3 termin\u00e1lj\u00e1n adatokat gy\u0171jtenek \u00e9s t\u00e1rolnak v\u00e1ltoz\u00f3 ideig, att\u00f3l f\u00fcgg\u0151en, hogy milyen c\u00e9lra haszn\u00e1lt\u00e1k \u0151ket.<\/p>\n<p>A s\u00fctik meg\u0151rz\u00e9si ideje a sz\u00f3ban forg\u00f3 t\u00edpust\u00f3l f\u00fcgg, \u00e9s mindig a c\u00e9lj\u00e1nak teljes\u00edt\u00e9s\u00e9hez sz\u00fcks\u00e9ges minim\u00e1lis id\u0151tartam.<\/p>\n<p>A t\u00e1bl\u00e1zat r\u00e9szletezi a weboldalunkon haszn\u00e1lt s\u00fctiket:<\/p>\n<p>Sz\u00e1ll\u00edt\u00f3 &#8211; N\u00e9v &#8211; T\u00edpus &#8211; Lej\u00e1rat<\/p>\n<p>Google &#8211; Analytics &#8211; HTTP &#8211; 2 \u00e9v<\/p>\n<p>Google &#8211; Analytics &#8211; HTTP &#8211; 1 nap<\/p>\n<p>Google &#8211; Analytics &#8211; HTTP &#8211; 1 perc<\/p>\n<p>A felhaszn\u00e1l\u00f3k minden esetben be\u00e1ll\u00edthatj\u00e1k b\u00f6ng\u00e9sz\u0151j\u00fcket \u00fagy, hogy letilts\u00e1k vagy blokkolj\u00e1k az \u00f6sszes vagy egyes s\u00fctik fogad\u00e1s\u00e1t. Az a t\u00e9ny, hogy \u00d6n nem k\u00edv\u00e1nja fogadni ezeket a cookie-kat, nem jelenti akad\u00e1ly\u00e1t annak, hogy hozz\u00e1f\u00e9rjen a BARCELONA TOURS &amp; EVENTS weboldalain tal\u00e1lhat\u00f3 inform\u00e1ci\u00f3khoz, b\u00e1r egyes szolg\u00e1ltat\u00e1sok haszn\u00e1lata korl\u00e1tozott lehet. Ha a cookie-k fogad\u00e1s\u00e1hoz val\u00f3 hozz\u00e1j\u00e1rul\u00e1s megad\u00e1sa ut\u00e1n azt vissza k\u00edv\u00e1nj\u00e1k vonni, a felhaszn\u00e1l\u00f3 sz\u00e1m\u00edt\u00f3g\u00e9p\u00e9n t\u00e1rolt cookie-kat a k\u00fcl\u00f6nb\u00f6z\u0151 b\u00f6ng\u00e9sz\u0151k be\u00e1ll\u00edt\u00e1sain kereszt\u00fcl megsz\u00fcntetik.<\/p>\n<p>A k\u00fcl\u00f6nb\u00f6z\u0151 b\u00f6ng\u00e9sz\u0151k konfigur\u00e1l\u00e1s\u00e1nak m\u00f3dja az el\u0151z\u0151 bekezd\u00e9sekben jelzett m\u0171veletek gyakorl\u00e1s\u00e1hoz, megtekinthet\u0151:<br \/>\nExplorer:\u00a0<a href=\"https:\/\/support.microsoft.com\/es-es\/help\/17479\/windows-internet-explorer-11-change-security-privacy-settings\">https:\/\/support.microsoft.com\/es-es\/help\/17479\/windows-internet-explorer-11-<\/a>\u00a0<a href=\"https:\/\/support.microsoft.com\/es-es\/help\/17479\/windows-internet-explorer-11-change-security-privacy-settings\">change-security-privacy-settings<\/a><\/p>\n<p>Chrome:\u00a0<a href=\"https:\/\/support.google.com\/chrome\/answer\/95647?hl=es\">https:\/\/support.google.com\/chrome\/answer\/95647?hl=es<\/a><\/p>\n<p>Firefox:\u00a0<a href=\"http:\/\/support.mozilla.org\/es\/kb\/cookies-informacion-que-los-sitios-web-guardan-en-?redirectlocale=en-US&amp;amp;redirectslug=Cookies\">http:\/\/support.mozilla.org\/es\/kb\/cookies-informacion-que-los-sitios-web-<\/a>\u00a0<a href=\"http:\/\/support.mozilla.org\/es\/kb\/cookies-informacion-que-los-sitios-web-guardan-en-?redirectlocale=en-US&amp;amp;redirectslug=Cookies\">guardan-en-?redirectlocale=en-US&amp;redirectslug=Cookies<\/a><\/p>\n<p>Safari:\u00a0<a href=\"https:\/\/support.apple.com\/kb\/ph21411?locale=es_ES\">https:\/\/support.apple.com\/kb\/ph21411?locale=es_ES<\/a><\/p>\n","protected":false},"excerpt":{"rendered":"<p>A c\u00e9g &#8211; Utaz\u00e1si iroda Barcelona Tours &amp; Events. S.L , CIF: B55108518 , Av Pau Casals, 38, 2\u00ba, 5\u00aa. 08389. Palafolls, Spanyolorsz\u00e1g. A k\u00f6vetkez\u0151kben ismerteti a cookie-k gy\u0171jt\u00e9s\u00e9re \u00e9s feldolgoz\u00e1s\u00e1ra vonatkoz\u00f3 politik\u00e1j\u00e1t, az inform\u00e1ci\u00f3s t\u00e1rsadalom szolg\u00e1ltat\u00e1sair\u00f3l \u00e9s az elektronikus kereskedelemr\u0151l sz\u00f3l\u00f3, j\u00falius 11-i 34\/2002 t\u00f6rv\u00e9ny (LSSI-CE) 22. cikk\u00e9nek (2) bekezd\u00e9s\u00e9vel \u00f6sszhangban. A cookie-kat a [&hellip;]<\/p>\n","protected":false},"author":2,"featured_media":0,"parent":0,"menu_order":0,"comment_status":"closed","ping_status":"closed","template":"","meta":{"_joinchat":[],"footnotes":""},"class_list":["post-9710","page","type-page","status-publish","hentry"],"yoast_head":"<!-- This site is optimized with the Yoast SEO plugin v27.3 - https:\/\/yoast.com\/product\/yoast-seo-wordpress\/ -->\n<title>S\u00dcTIKRE VONATKOZ\u00d3 POLITIKA - BEST BARCELONA PRIVATE TOURS AND EVENTS DESIGNER<\/title>\n<meta name=\"robots\" content=\"noindex, nofollow\" \/>\n<meta property=\"og:locale\" content=\"hu_HU\" \/>\n<meta property=\"og:type\" content=\"article\" \/>\n<meta property=\"og:title\" content=\"S\u00dcTIKRE VONATKOZ\u00d3 POLITIKA - BEST BARCELONA PRIVATE TOURS AND EVENTS DESIGNER\" \/>\n<meta property=\"og:description\" content=\"A c\u00e9g &#8211; Utaz\u00e1si iroda Barcelona Tours &amp; Events. S.L , CIF: B55108518 , Av Pau Casals, 38, 2\u00ba, 5\u00aa. 08389. Palafolls, Spanyolorsz\u00e1g. A k\u00f6vetkez\u0151kben ismerteti a cookie-k gy\u0171jt\u00e9s\u00e9re \u00e9s feldolgoz\u00e1s\u00e1ra vonatkoz\u00f3 politik\u00e1j\u00e1t, az inform\u00e1ci\u00f3s t\u00e1rsadalom szolg\u00e1ltat\u00e1sair\u00f3l \u00e9s az elektronikus kereskedelemr\u0151l sz\u00f3l\u00f3, j\u00falius 11-i 34\/2002 t\u00f6rv\u00e9ny (LSSI-CE) 22. cikk\u00e9nek (2) bekezd\u00e9s\u00e9vel \u00f6sszhangban. A cookie-kat a [&hellip;]\" \/>\n<meta property=\"og:url\" content=\"https:\/\/barcelonaviptour.com\/hu\/cookies-policy\/\" \/>\n<meta property=\"og:site_name\" content=\"BEST BARCELONA PRIVATE TOURS AND EVENTS DESIGNER\" \/>\n<meta property=\"article:publisher\" content=\"https:\/\/www.facebook.com\/barcelonaviptour\/\" \/>\n<meta property=\"article:modified_time\" content=\"2021-11-02T09:24:51+00:00\" \/>\n<meta property=\"og:image\" content=\"https:\/\/barcelonaviptour.com\/wp-content\/uploads\/2022\/05\/logo-web-barcelonaviptour-420.png\" \/>\n\t<meta property=\"og:image:width\" content=\"420\" \/>\n\t<meta property=\"og:image:height\" content=\"276\" \/>\n\t<meta property=\"og:image:type\" content=\"image\/png\" \/>\n<meta name=\"twitter:card\" content=\"summary_large_image\" \/>\n<meta name=\"twitter:site\" content=\"@BcnVIPtour\" \/>\n<meta name=\"twitter:label1\" content=\"Becs\u00fclt olvas\u00e1si id\u0151\" \/>\n\t<meta name=\"twitter:data1\" content=\"6 perc\" \/>\n<script type=\"application\/ld+json\" class=\"yoast-schema-graph\">{\"@context\":\"https:\\\/\\\/schema.org\",\"@graph\":[{\"@type\":\"WebPage\",\"@id\":\"https:\\\/\\\/barcelonaviptour.com\\\/hu\\\/cookies-policy\\\/\",\"url\":\"https:\\\/\\\/barcelonaviptour.com\\\/hu\\\/cookies-policy\\\/\",\"name\":\"S\u00dcTIKRE VONATKOZ\u00d3 POLITIKA - BEST BARCELONA PRIVATE TOURS AND EVENTS DESIGNER\",\"isPartOf\":{\"@id\":\"https:\\\/\\\/barcelonaviptour.com\\\/hu\\\/#website\"},\"datePublished\":\"2021-04-16T10:52:18+00:00\",\"dateModified\":\"2021-11-02T09:24:51+00:00\",\"breadcrumb\":{\"@id\":\"https:\\\/\\\/barcelonaviptour.com\\\/hu\\\/cookies-policy\\\/#breadcrumb\"},\"inLanguage\":\"hu\",\"potentialAction\":[{\"@type\":\"ReadAction\",\"target\":[\"https:\\\/\\\/barcelonaviptour.com\\\/hu\\\/cookies-policy\\\/\"]}]},{\"@type\":\"BreadcrumbList\",\"@id\":\"https:\\\/\\\/barcelonaviptour.com\\\/hu\\\/cookies-policy\\\/#breadcrumb\",\"itemListElement\":[{\"@type\":\"ListItem\",\"position\":1,\"name\":\"Portada\",\"item\":\"https:\\\/\\\/barcelonaviptour.com\\\/hu\\\/\"},{\"@type\":\"ListItem\",\"position\":2,\"name\":\"S\u00dcTIKRE VONATKOZ\u00d3 POLITIKA\"}]},{\"@type\":\"WebSite\",\"@id\":\"https:\\\/\\\/barcelonaviptour.com\\\/hu\\\/#website\",\"url\":\"https:\\\/\\\/barcelonaviptour.com\\\/hu\\\/\",\"name\":\"Best Barcelona Private tours and event designer\",\"description\":\"We are Private Tours specialist in Barcelona, we don&#039;t sell tours, we offer emotions!!\",\"publisher\":{\"@id\":\"https:\\\/\\\/barcelonaviptour.com\\\/hu\\\/#organization\"},\"alternateName\":\"Private Barcelona tours and events\",\"potentialAction\":[{\"@type\":\"SearchAction\",\"target\":{\"@type\":\"EntryPoint\",\"urlTemplate\":\"https:\\\/\\\/barcelonaviptour.com\\\/hu\\\/?s={search_term_string}\"},\"query-input\":{\"@type\":\"PropertyValueSpecification\",\"valueRequired\":true,\"valueName\":\"search_term_string\"}}],\"inLanguage\":\"hu\"},{\"@type\":\"Organization\",\"@id\":\"https:\\\/\\\/barcelonaviptour.com\\\/hu\\\/#organization\",\"name\":\"Barcelona Vip Tour\",\"alternateName\":\"BCN Vip Tours\",\"url\":\"https:\\\/\\\/barcelonaviptour.com\\\/hu\\\/\",\"logo\":{\"@type\":\"ImageObject\",\"inLanguage\":\"hu\",\"@id\":\"https:\\\/\\\/barcelonaviptour.com\\\/hu\\\/#\\\/schema\\\/logo\\\/image\\\/\",\"url\":\"https:\\\/\\\/barcelonaviptour.com\\\/wp-content\\\/uploads\\\/2022\\\/05\\\/logo-web-barcelonaviptour-420.png\",\"contentUrl\":\"https:\\\/\\\/barcelonaviptour.com\\\/wp-content\\\/uploads\\\/2022\\\/05\\\/logo-web-barcelonaviptour-420.png\",\"width\":420,\"height\":276,\"caption\":\"Barcelona Vip Tour\"},\"image\":{\"@id\":\"https:\\\/\\\/barcelonaviptour.com\\\/hu\\\/#\\\/schema\\\/logo\\\/image\\\/\"},\"sameAs\":[\"https:\\\/\\\/www.facebook.com\\\/barcelonaviptour\\\/\",\"https:\\\/\\\/x.com\\\/BcnVIPtour\",\"https:\\\/\\\/www.instagram.com\\\/barcelonaviptour\\\/\",\"https:\\\/\\\/www.youtube.com\\\/channel\\\/UCiKTLk7pGHWUm1BAPxuhPSw\"]}]}<\/script>\n<!-- \/ Yoast SEO plugin. -->","yoast_head_json":{"title":"S\u00dcTIKRE VONATKOZ\u00d3 POLITIKA - BEST BARCELONA PRIVATE TOURS AND EVENTS DESIGNER","robots":{"index":"noindex","follow":"nofollow"},"og_locale":"hu_HU","og_type":"article","og_title":"S\u00dcTIKRE VONATKOZ\u00d3 POLITIKA - BEST BARCELONA PRIVATE TOURS AND EVENTS DESIGNER","og_description":"A c\u00e9g &#8211; Utaz\u00e1si iroda Barcelona Tours &amp; Events. S.L , CIF: B55108518 , Av Pau Casals, 38, 2\u00ba, 5\u00aa. 08389. Palafolls, Spanyolorsz\u00e1g. A k\u00f6vetkez\u0151kben ismerteti a cookie-k gy\u0171jt\u00e9s\u00e9re \u00e9s feldolgoz\u00e1s\u00e1ra vonatkoz\u00f3 politik\u00e1j\u00e1t, az inform\u00e1ci\u00f3s t\u00e1rsadalom szolg\u00e1ltat\u00e1sair\u00f3l \u00e9s az elektronikus kereskedelemr\u0151l sz\u00f3l\u00f3, j\u00falius 11-i 34\/2002 t\u00f6rv\u00e9ny (LSSI-CE) 22. cikk\u00e9nek (2) bekezd\u00e9s\u00e9vel \u00f6sszhangban. A cookie-kat a [&hellip;]","og_url":"https:\/\/barcelonaviptour.com\/hu\/cookies-policy\/","og_site_name":"BEST BARCELONA PRIVATE TOURS AND EVENTS DESIGNER","article_publisher":"https:\/\/www.facebook.com\/barcelonaviptour\/","article_modified_time":"2021-11-02T09:24:51+00:00","og_image":[{"width":420,"height":276,"url":"https:\/\/barcelonaviptour.com\/wp-content\/uploads\/2022\/05\/logo-web-barcelonaviptour-420.png","type":"image\/png"}],"twitter_card":"summary_large_image","twitter_site":"@BcnVIPtour","twitter_misc":{"Becs\u00fclt olvas\u00e1si id\u0151":"6 perc"},"schema":{"@context":"https:\/\/schema.org","@graph":[{"@type":"WebPage","@id":"https:\/\/barcelonaviptour.com\/hu\/cookies-policy\/","url":"https:\/\/barcelonaviptour.com\/hu\/cookies-policy\/","name":"S\u00dcTIKRE VONATKOZ\u00d3 POLITIKA - BEST BARCELONA PRIVATE TOURS AND EVENTS DESIGNER","isPartOf":{"@id":"https:\/\/barcelonaviptour.com\/hu\/#website"},"datePublished":"2021-04-16T10:52:18+00:00","dateModified":"2021-11-02T09:24:51+00:00","breadcrumb":{"@id":"https:\/\/barcelonaviptour.com\/hu\/cookies-policy\/#breadcrumb"},"inLanguage":"hu","potentialAction":[{"@type":"ReadAction","target":["https:\/\/barcelonaviptour.com\/hu\/cookies-policy\/"]}]},{"@type":"BreadcrumbList","@id":"https:\/\/barcelonaviptour.com\/hu\/cookies-policy\/#breadcrumb","itemListElement":[{"@type":"ListItem","position":1,"name":"Portada","item":"https:\/\/barcelonaviptour.com\/hu\/"},{"@type":"ListItem","position":2,"name":"S\u00dcTIKRE VONATKOZ\u00d3 POLITIKA"}]},{"@type":"WebSite","@id":"https:\/\/barcelonaviptour.com\/hu\/#website","url":"https:\/\/barcelonaviptour.com\/hu\/","name":"Best Barcelona Private tours and event designer","description":"We are Private Tours specialist in Barcelona, we don&#039;t sell tours, we offer emotions!!","publisher":{"@id":"https:\/\/barcelonaviptour.com\/hu\/#organization"},"alternateName":"Private Barcelona tours and events","potentialAction":[{"@type":"SearchAction","target":{"@type":"EntryPoint","urlTemplate":"https:\/\/barcelonaviptour.com\/hu\/?s={search_term_string}"},"query-input":{"@type":"PropertyValueSpecification","valueRequired":true,"valueName":"search_term_string"}}],"inLanguage":"hu"},{"@type":"Organization","@id":"https:\/\/barcelonaviptour.com\/hu\/#organization","name":"Barcelona Vip Tour","alternateName":"BCN Vip Tours","url":"https:\/\/barcelonaviptour.com\/hu\/","logo":{"@type":"ImageObject","inLanguage":"hu","@id":"https:\/\/barcelonaviptour.com\/hu\/#\/schema\/logo\/image\/","url":"https:\/\/barcelonaviptour.com\/wp-content\/uploads\/2022\/05\/logo-web-barcelonaviptour-420.png","contentUrl":"https:\/\/barcelonaviptour.com\/wp-content\/uploads\/2022\/05\/logo-web-barcelonaviptour-420.png","width":420,"height":276,"caption":"Barcelona Vip Tour"},"image":{"@id":"https:\/\/barcelonaviptour.com\/hu\/#\/schema\/logo\/image\/"},"sameAs":["https:\/\/www.facebook.com\/barcelonaviptour\/","https:\/\/x.com\/BcnVIPtour","https:\/\/www.instagram.com\/barcelonaviptour\/","https:\/\/www.youtube.com\/channel\/UCiKTLk7pGHWUm1BAPxuhPSw"]}]}},"_links":{"self":[{"href":"https:\/\/barcelonaviptour.com\/hu\/wp-json\/wp\/v2\/pages\/9710","targetHints":{"allow":["GET"]}}],"collection":[{"href":"https:\/\/barcelonaviptour.com\/hu\/wp-json\/wp\/v2\/pages"}],"about":[{"href":"https:\/\/barcelonaviptour.com\/hu\/wp-json\/wp\/v2\/types\/page"}],"author":[{"embeddable":true,"href":"https:\/\/barcelonaviptour.com\/hu\/wp-json\/wp\/v2\/users\/2"}],"replies":[{"embeddable":true,"href":"https:\/\/barcelonaviptour.com\/hu\/wp-json\/wp\/v2\/comments?post=9710"}],"version-history":[{"count":0,"href":"https:\/\/barcelonaviptour.com\/hu\/wp-json\/wp\/v2\/pages\/9710\/revisions"}],"wp:attachment":[{"href":"https:\/\/barcelonaviptour.com\/hu\/wp-json\/wp\/v2\/media?parent=9710"}],"curies":[{"name":"wp","href":"https:\/\/api.w.org\/{rel}","templated":true}]}}