{"id":9366,"date":"2021-04-16T12:51:53","date_gmt":"2021-04-16T10:51:53","guid":{"rendered":"https:\/\/newvbtg.msalaskreacion.es\/data-protection\/"},"modified":"2026-02-09T17:47:43","modified_gmt":"2026-02-09T16:47:43","slug":"data-protection","status":"publish","type":"page","link":"https:\/\/barcelonaviptour.com\/hu\/data-protection\/","title":{"rendered":"Adatv\u00e9delmi nyilatkozat"},"content":{"rendered":"<p>A Barcelona Tours &amp; Events, S.L. kiemelten fontosnak tartja az \u00d6n szem\u00e9lyes adatainak v\u00e9delm\u00e9t. Jelen adatv\u00e9delmi nyilatkozat c\u00e9lja, hogy \u00e1tl\u00e1that\u00f3 m\u00f3don t\u00e1j\u00e9koztassa \u00d6nt arr\u00f3l, hogyan kezelj\u00fck szem\u00e9lyes adatait a hat\u00e1lyos eur\u00f3pai \u00e9s spanyol adatv\u00e9delmi jogszab\u00e1lyokkal, k\u00fcl\u00f6n\u00f6sen az Eur\u00f3pai Parlament \u00e9s a Tan\u00e1cs (EU) 2016\/679 rendelet\u00e9vel (GDPR) \u00f6sszhangban.<\/p>\n<ol>\n<li><strong> Az adatkezel\u0151 adatai<\/strong><\/li>\n<\/ol>\n<p><strong>C\u00e9gn\u00e9v:<\/strong> Barcelona Tours &amp; Events, S.L.<br \/>\n<strong>CIF:<\/strong> B55108518<br \/>\n<strong>Sz\u00e9khely:<\/strong> Av. Pau Casals, 38, 2\u00ba, 5\u00aa, 08389 Palafolls, Spanyolorsz\u00e1g<br \/>\n<strong>E-mail:<\/strong> info@barcelonaviptour.com<br \/>\n<strong>Telefon:<\/strong> +34 937 657 814<\/p>\n<ol start=\"2\">\n<li><strong> A kezelt szem\u00e9lyes adatok k\u00f6re \u00e9s az adatkezel\u00e9s c\u00e9lja<\/strong><\/li>\n<\/ol>\n<p>Az \u00d6n \u00e1ltal megadott szem\u00e9lyes adatokat (k\u00fcl\u00f6n\u00f6sen n\u00e9v, e-mail c\u00edm, telefonsz\u00e1m) az al\u00e1bbi c\u00e9lokb\u00f3l kezelj\u00fck:<\/p>\n<ul>\n<li>az \u00d6n megkeres\u00e9seinek megv\u00e1laszol\u00e1sa,<\/li>\n<li>inform\u00e1ci\u00f3k \u00e9s aj\u00e1nlatok k\u00fcld\u00e9se szolg\u00e1ltat\u00e1sainkr\u00f3l,<\/li>\n<li>kapcsolatfelv\u00e9tel \u00e9s \u00fcgyf\u00e9lkapcsolat fenntart\u00e1sa,<\/li>\n<li>foglal\u00e1sok \u00e9s aj\u00e1nlatk\u00e9r\u00e9sek kezel\u00e9se.<\/li>\n<\/ul>\n<p>Az adatkezel\u00e9s minden esetben c\u00e9lhoz k\u00f6t\u00f6tten t\u00f6rt\u00e9nik.<\/p>\n<ol start=\"3\">\n<li><strong> Az adatkezel\u00e9s jogalapja<\/strong><\/li>\n<\/ol>\n<p>A szem\u00e9lyes adatok kezel\u00e9se az \u00d6n \u00f6nk\u00e9ntes hozz\u00e1j\u00e1rul\u00e1s\u00e1n alapul, amelyet az adatok megad\u00e1s\u00e1val \u00e9s a kapcsolatfelv\u00e9tellel ad meg sz\u00e1munkra.<\/p>\n<ol start=\"4\">\n<li><strong> Az adatok meg\u0151rz\u00e9si ideje<\/strong><\/li>\n<\/ol>\n<p>A szem\u00e9lyes adatokat kiz\u00e1r\u00f3lag addig \u0151rizz\u00fck meg, ameddig az adatkezel\u00e9s c\u00e9lj\u00e1nak teljes\u00edt\u00e9s\u00e9hez sz\u00fcks\u00e9ges, illetve ameddig azt jogszab\u00e1ly el\u0151\u00edrja.<br \/>\nAmennyiben \u00d6n nem jelzi ennek ellenkez\u0151j\u00e9t, felt\u00e9telezz\u00fck, hogy az \u00d6n \u00e1ltal megadott adatok pontosak \u00e9s naprak\u00e9szek, \u00e9s v\u00e1llalja, hogy az adatokban bek\u00f6vetkez\u0151 v\u00e1ltoz\u00e1sokr\u00f3l t\u00e1j\u00e9koztat minket.<\/p>\n<ol start=\"5\">\n<li><strong> Adattov\u00e1bb\u00edt\u00e1s \u00e9s adatfeldolgoz\u00f3k<\/strong><\/li>\n<\/ol>\n<p>A Barcelona Tours &amp; Events, S.L. az \u00d6n szem\u00e9lyes adatait harmadik f\u00e9l r\u00e9sz\u00e9re nem tov\u00e1bb\u00edtja, kiv\u00e9ve:<\/p>\n<ul>\n<li>jogszab\u00e1lyi k\u00f6telezetts\u00e9g teljes\u00edt\u00e9se eset\u00e9n<\/li>\n<\/ul>\n<ol start=\"6\">\n<li><strong> Az adatok kezel\u00e9se \u00e9s biztons\u00e1ga<\/strong><\/li>\n<\/ol>\n<p>A Barcelona Tours &amp; Events, S.L. v\u00e1llalja, hogy a szem\u00e9lyes adatokat:<\/p>\n<ul>\n<li>jogszer\u0171en, tisztess\u00e9gesen \u00e9s \u00e1tl\u00e1that\u00f3 m\u00f3don,<\/li>\n<li>kiz\u00e1r\u00f3lag meghat\u00e1rozott c\u00e9lb\u00f3l,<\/li>\n<li>az adatminimaliz\u00e1l\u00e1s elv\u00e9nek megfelel\u0151en,<\/li>\n<li>pontosan \u00e9s naprak\u00e9szen kezeli.<\/li>\n<\/ul>\n<p>Megtesz\u00fcnk minden \u00e9sszer\u0171 technikai \u00e9s szervez\u00e9si int\u00e9zked\u00e9st annak \u00e9rdek\u00e9ben, hogy a szem\u00e9lyes adatok biztons\u00e1gban legyenek, valamint hogy a pontatlan adatokat halad\u00e9ktalanul helyesb\u00edts\u00fck vagy t\u00f6r\u00f6lj\u00fck.<\/p>\n<ol start=\"7\">\n<li><strong> Az \u00d6n jogai<\/strong><\/li>\n<\/ol>\n<p>\u00d6n jogosult:<\/p>\n<ul>\n<li>t\u00e1j\u00e9koztat\u00e1st k\u00e9rni szem\u00e9lyes adatainak kezel\u00e9s\u00e9r\u0151l,<\/li>\n<li>hozz\u00e1f\u00e9r\u00e9st k\u00e9rni szem\u00e9lyes adataihoz,<\/li>\n<li>k\u00e9rni azok helyesb\u00edt\u00e9s\u00e9t vagy t\u00f6rl\u00e9s\u00e9t,<\/li>\n<li>k\u00e9rni az adatkezel\u00e9s korl\u00e1toz\u00e1s\u00e1t,<\/li>\n<li>tiltakozni a szem\u00e9lyes adatok kezel\u00e9se ellen,<\/li>\n<li>\u00e9lni az adathordozhat\u00f3s\u00e1ghoz val\u00f3 jog\u00e1val,<\/li>\n<li>b\u00e1rmikor visszavonni az adatkezel\u00e9shez adott hozz\u00e1j\u00e1rul\u00e1s\u00e1t.<\/li>\n<\/ul>\n<p>Jogait az al\u00e1bbi el\u00e9rhet\u0151s\u00e9geken gyakorolhatja:<br \/>\n\ud83d\udce7 <strong>info@barcelonaviptour.com<\/strong><br \/>\n\ud83d\udcee <strong>Av. Pau Casals, 38, 2\u00ba, 5\u00aa, 08389 Palafolls, Spanyolorsz\u00e1g<\/strong><\/p>\n<h3>8. Panaszt\u00e9teli jog<\/h3>\n<p>Amennyiben \u00d6n \u00fagy v\u00e9li, hogy szem\u00e9lyes adatainak kezel\u00e9se s\u00e9rti a hat\u00e1lyos adatv\u00e9delmi jogszab\u00e1lyokat, jogosult panaszt beny\u00fajtani a spanyol adatv\u00e9delmi hat\u00f3s\u00e1gn\u00e1l:<\/p>\n<p><strong>Agencia Espa\u00f1ola de Protecci\u00f3n de Datos (AEPD)<\/strong><\/p>\n<h3>9. Kapcsolat adatv\u00e9delemmel kapcsolatban<\/h3>\n<p>Adatv\u00e9delemmel kapcsolatos k\u00e9rd\u00e9seivel bizalommal fordulhat hozz\u00e1nk a fenti e-mail c\u00edmen vagy telefonsz\u00e1mon.<\/p>\n","protected":false},"excerpt":{"rendered":"<p>A Barcelona Tours &amp; Events, S.L. kiemelten fontosnak tartja az \u00d6n szem\u00e9lyes adatainak v\u00e9delm\u00e9t. Jelen adatv\u00e9delmi nyilatkozat c\u00e9lja, hogy \u00e1tl\u00e1that\u00f3 m\u00f3don t\u00e1j\u00e9koztassa \u00d6nt arr\u00f3l, hogyan kezelj\u00fck szem\u00e9lyes adatait a hat\u00e1lyos eur\u00f3pai \u00e9s spanyol adatv\u00e9delmi jogszab\u00e1lyokkal, k\u00fcl\u00f6n\u00f6sen az Eur\u00f3pai Parlament \u00e9s a Tan\u00e1cs (EU) 2016\/679 rendelet\u00e9vel (GDPR) \u00f6sszhangban. Az adatkezel\u0151 adatai C\u00e9gn\u00e9v: Barcelona Tours &amp; Events, [&hellip;]<\/p>\n","protected":false},"author":2,"featured_media":0,"parent":0,"menu_order":0,"comment_status":"closed","ping_status":"closed","template":"","meta":{"_joinchat":[],"footnotes":""},"class_list":["post-9366","page","type-page","status-publish","hentry"],"yoast_head":"<!-- This site is optimized with the Yoast SEO plugin v27.4 - https:\/\/yoast.com\/product\/yoast-seo-wordpress\/ -->\n<title>Adatv\u00e9delmi nyilatkozat - BEST BARCELONA PRIVATE TOURS AND EVENTS DESIGNER<\/title>\n<meta name=\"robots\" content=\"noindex, nofollow\" \/>\n<meta property=\"og:locale\" content=\"hu_HU\" \/>\n<meta property=\"og:type\" content=\"article\" \/>\n<meta property=\"og:title\" content=\"Adatv\u00e9delmi nyilatkozat - BEST BARCELONA PRIVATE TOURS AND EVENTS DESIGNER\" \/>\n<meta property=\"og:description\" content=\"A Barcelona Tours &amp; Events, S.L. kiemelten fontosnak tartja az \u00d6n szem\u00e9lyes adatainak v\u00e9delm\u00e9t. Jelen adatv\u00e9delmi nyilatkozat c\u00e9lja, hogy \u00e1tl\u00e1that\u00f3 m\u00f3don t\u00e1j\u00e9koztassa \u00d6nt arr\u00f3l, hogyan kezelj\u00fck szem\u00e9lyes adatait a hat\u00e1lyos eur\u00f3pai \u00e9s spanyol adatv\u00e9delmi jogszab\u00e1lyokkal, k\u00fcl\u00f6n\u00f6sen az Eur\u00f3pai Parlament \u00e9s a Tan\u00e1cs (EU) 2016\/679 rendelet\u00e9vel (GDPR) \u00f6sszhangban. Az adatkezel\u0151 adatai C\u00e9gn\u00e9v: Barcelona Tours &amp; Events, [&hellip;]\" \/>\n<meta property=\"og:url\" content=\"https:\/\/barcelonaviptour.com\/hu\/data-protection\/\" \/>\n<meta property=\"og:site_name\" content=\"BEST BARCELONA PRIVATE TOURS AND EVENTS DESIGNER\" \/>\n<meta property=\"article:publisher\" content=\"https:\/\/www.facebook.com\/barcelonaviptour\/\" \/>\n<meta property=\"article:modified_time\" content=\"2026-02-09T16:47:43+00:00\" \/>\n<meta property=\"og:image\" content=\"https:\/\/barcelonaviptour.com\/wp-content\/uploads\/2022\/05\/logo-web-barcelonaviptour-420.png\" \/>\n\t<meta property=\"og:image:width\" content=\"420\" \/>\n\t<meta property=\"og:image:height\" content=\"276\" \/>\n\t<meta property=\"og:image:type\" content=\"image\/png\" \/>\n<meta name=\"twitter:card\" content=\"summary_large_image\" \/>\n<meta name=\"twitter:site\" content=\"@BcnVIPtour\" \/>\n<meta name=\"twitter:label1\" content=\"Becs\u00fclt olvas\u00e1si id\u0151\" \/>\n\t<meta name=\"twitter:data1\" content=\"2 perc\" \/>\n<script type=\"application\/ld+json\" class=\"yoast-schema-graph\">{\"@context\":\"https:\\\/\\\/schema.org\",\"@graph\":[{\"@type\":\"WebPage\",\"@id\":\"https:\\\/\\\/barcelonaviptour.com\\\/hu\\\/data-protection\\\/\",\"url\":\"https:\\\/\\\/barcelonaviptour.com\\\/hu\\\/data-protection\\\/\",\"name\":\"Adatv\u00e9delmi nyilatkozat - BEST BARCELONA PRIVATE TOURS AND EVENTS DESIGNER\",\"isPartOf\":{\"@id\":\"https:\\\/\\\/barcelonaviptour.com\\\/hu\\\/#website\"},\"datePublished\":\"2021-04-16T10:51:53+00:00\",\"dateModified\":\"2026-02-09T16:47:43+00:00\",\"breadcrumb\":{\"@id\":\"https:\\\/\\\/barcelonaviptour.com\\\/hu\\\/data-protection\\\/#breadcrumb\"},\"inLanguage\":\"hu\",\"potentialAction\":[{\"@type\":\"ReadAction\",\"target\":[\"https:\\\/\\\/barcelonaviptour.com\\\/hu\\\/data-protection\\\/\"]}]},{\"@type\":\"BreadcrumbList\",\"@id\":\"https:\\\/\\\/barcelonaviptour.com\\\/hu\\\/data-protection\\\/#breadcrumb\",\"itemListElement\":[{\"@type\":\"ListItem\",\"position\":1,\"name\":\"Portada\",\"item\":\"https:\\\/\\\/barcelonaviptour.com\\\/hu\\\/\"},{\"@type\":\"ListItem\",\"position\":2,\"name\":\"Adatv\u00e9delmi nyilatkozat\"}]},{\"@type\":\"WebSite\",\"@id\":\"https:\\\/\\\/barcelonaviptour.com\\\/hu\\\/#website\",\"url\":\"https:\\\/\\\/barcelonaviptour.com\\\/hu\\\/\",\"name\":\"Best Barcelona Private tours and event designer\",\"description\":\"We are Private Tours specialist in Barcelona, we don&#039;t sell tours, we offer emotions!!\",\"publisher\":{\"@id\":\"https:\\\/\\\/barcelonaviptour.com\\\/hu\\\/#organization\"},\"alternateName\":\"Private Barcelona tours and events\",\"potentialAction\":[{\"@type\":\"SearchAction\",\"target\":{\"@type\":\"EntryPoint\",\"urlTemplate\":\"https:\\\/\\\/barcelonaviptour.com\\\/hu\\\/?s={search_term_string}\"},\"query-input\":{\"@type\":\"PropertyValueSpecification\",\"valueRequired\":true,\"valueName\":\"search_term_string\"}}],\"inLanguage\":\"hu\"},{\"@type\":\"Organization\",\"@id\":\"https:\\\/\\\/barcelonaviptour.com\\\/hu\\\/#organization\",\"name\":\"Barcelona Vip Tour\",\"alternateName\":\"BCN Vip Tours\",\"url\":\"https:\\\/\\\/barcelonaviptour.com\\\/hu\\\/\",\"logo\":{\"@type\":\"ImageObject\",\"inLanguage\":\"hu\",\"@id\":\"https:\\\/\\\/barcelonaviptour.com\\\/hu\\\/#\\\/schema\\\/logo\\\/image\\\/\",\"url\":\"https:\\\/\\\/barcelonaviptour.com\\\/wp-content\\\/uploads\\\/2022\\\/05\\\/logo-web-barcelonaviptour-420.png\",\"contentUrl\":\"https:\\\/\\\/barcelonaviptour.com\\\/wp-content\\\/uploads\\\/2022\\\/05\\\/logo-web-barcelonaviptour-420.png\",\"width\":420,\"height\":276,\"caption\":\"Barcelona Vip Tour\"},\"image\":{\"@id\":\"https:\\\/\\\/barcelonaviptour.com\\\/hu\\\/#\\\/schema\\\/logo\\\/image\\\/\"},\"sameAs\":[\"https:\\\/\\\/www.facebook.com\\\/barcelonaviptour\\\/\",\"https:\\\/\\\/x.com\\\/BcnVIPtour\",\"https:\\\/\\\/www.instagram.com\\\/barcelonaviptour\\\/\",\"https:\\\/\\\/www.youtube.com\\\/channel\\\/UCiKTLk7pGHWUm1BAPxuhPSw\"]}]}<\/script>\n<!-- \/ Yoast SEO plugin. -->","yoast_head_json":{"title":"Adatv\u00e9delmi nyilatkozat - BEST BARCELONA PRIVATE TOURS AND EVENTS DESIGNER","robots":{"index":"noindex","follow":"nofollow"},"og_locale":"hu_HU","og_type":"article","og_title":"Adatv\u00e9delmi nyilatkozat - BEST BARCELONA PRIVATE TOURS AND EVENTS DESIGNER","og_description":"A Barcelona Tours &amp; Events, S.L. kiemelten fontosnak tartja az \u00d6n szem\u00e9lyes adatainak v\u00e9delm\u00e9t. Jelen adatv\u00e9delmi nyilatkozat c\u00e9lja, hogy \u00e1tl\u00e1that\u00f3 m\u00f3don t\u00e1j\u00e9koztassa \u00d6nt arr\u00f3l, hogyan kezelj\u00fck szem\u00e9lyes adatait a hat\u00e1lyos eur\u00f3pai \u00e9s spanyol adatv\u00e9delmi jogszab\u00e1lyokkal, k\u00fcl\u00f6n\u00f6sen az Eur\u00f3pai Parlament \u00e9s a Tan\u00e1cs (EU) 2016\/679 rendelet\u00e9vel (GDPR) \u00f6sszhangban. Az adatkezel\u0151 adatai C\u00e9gn\u00e9v: Barcelona Tours &amp; Events, [&hellip;]","og_url":"https:\/\/barcelonaviptour.com\/hu\/data-protection\/","og_site_name":"BEST BARCELONA PRIVATE TOURS AND EVENTS DESIGNER","article_publisher":"https:\/\/www.facebook.com\/barcelonaviptour\/","article_modified_time":"2026-02-09T16:47:43+00:00","og_image":[{"width":420,"height":276,"url":"https:\/\/barcelonaviptour.com\/wp-content\/uploads\/2022\/05\/logo-web-barcelonaviptour-420.png","type":"image\/png"}],"twitter_card":"summary_large_image","twitter_site":"@BcnVIPtour","twitter_misc":{"Becs\u00fclt olvas\u00e1si id\u0151":"2 perc"},"schema":{"@context":"https:\/\/schema.org","@graph":[{"@type":"WebPage","@id":"https:\/\/barcelonaviptour.com\/hu\/data-protection\/","url":"https:\/\/barcelonaviptour.com\/hu\/data-protection\/","name":"Adatv\u00e9delmi nyilatkozat - BEST BARCELONA PRIVATE TOURS AND EVENTS DESIGNER","isPartOf":{"@id":"https:\/\/barcelonaviptour.com\/hu\/#website"},"datePublished":"2021-04-16T10:51:53+00:00","dateModified":"2026-02-09T16:47:43+00:00","breadcrumb":{"@id":"https:\/\/barcelonaviptour.com\/hu\/data-protection\/#breadcrumb"},"inLanguage":"hu","potentialAction":[{"@type":"ReadAction","target":["https:\/\/barcelonaviptour.com\/hu\/data-protection\/"]}]},{"@type":"BreadcrumbList","@id":"https:\/\/barcelonaviptour.com\/hu\/data-protection\/#breadcrumb","itemListElement":[{"@type":"ListItem","position":1,"name":"Portada","item":"https:\/\/barcelonaviptour.com\/hu\/"},{"@type":"ListItem","position":2,"name":"Adatv\u00e9delmi nyilatkozat"}]},{"@type":"WebSite","@id":"https:\/\/barcelonaviptour.com\/hu\/#website","url":"https:\/\/barcelonaviptour.com\/hu\/","name":"Best Barcelona Private tours and event designer","description":"We are Private Tours specialist in Barcelona, we don&#039;t sell tours, we offer emotions!!","publisher":{"@id":"https:\/\/barcelonaviptour.com\/hu\/#organization"},"alternateName":"Private Barcelona tours and events","potentialAction":[{"@type":"SearchAction","target":{"@type":"EntryPoint","urlTemplate":"https:\/\/barcelonaviptour.com\/hu\/?s={search_term_string}"},"query-input":{"@type":"PropertyValueSpecification","valueRequired":true,"valueName":"search_term_string"}}],"inLanguage":"hu"},{"@type":"Organization","@id":"https:\/\/barcelonaviptour.com\/hu\/#organization","name":"Barcelona Vip Tour","alternateName":"BCN Vip Tours","url":"https:\/\/barcelonaviptour.com\/hu\/","logo":{"@type":"ImageObject","inLanguage":"hu","@id":"https:\/\/barcelonaviptour.com\/hu\/#\/schema\/logo\/image\/","url":"https:\/\/barcelonaviptour.com\/wp-content\/uploads\/2022\/05\/logo-web-barcelonaviptour-420.png","contentUrl":"https:\/\/barcelonaviptour.com\/wp-content\/uploads\/2022\/05\/logo-web-barcelonaviptour-420.png","width":420,"height":276,"caption":"Barcelona Vip Tour"},"image":{"@id":"https:\/\/barcelonaviptour.com\/hu\/#\/schema\/logo\/image\/"},"sameAs":["https:\/\/www.facebook.com\/barcelonaviptour\/","https:\/\/x.com\/BcnVIPtour","https:\/\/www.instagram.com\/barcelonaviptour\/","https:\/\/www.youtube.com\/channel\/UCiKTLk7pGHWUm1BAPxuhPSw"]}]}},"_links":{"self":[{"href":"https:\/\/barcelonaviptour.com\/hu\/wp-json\/wp\/v2\/pages\/9366","targetHints":{"allow":["GET"]}}],"collection":[{"href":"https:\/\/barcelonaviptour.com\/hu\/wp-json\/wp\/v2\/pages"}],"about":[{"href":"https:\/\/barcelonaviptour.com\/hu\/wp-json\/wp\/v2\/types\/page"}],"author":[{"embeddable":true,"href":"https:\/\/barcelonaviptour.com\/hu\/wp-json\/wp\/v2\/users\/2"}],"replies":[{"embeddable":true,"href":"https:\/\/barcelonaviptour.com\/hu\/wp-json\/wp\/v2\/comments?post=9366"}],"version-history":[{"count":1,"href":"https:\/\/barcelonaviptour.com\/hu\/wp-json\/wp\/v2\/pages\/9366\/revisions"}],"predecessor-version":[{"id":13106,"href":"https:\/\/barcelonaviptour.com\/hu\/wp-json\/wp\/v2\/pages\/9366\/revisions\/13106"}],"wp:attachment":[{"href":"https:\/\/barcelonaviptour.com\/hu\/wp-json\/wp\/v2\/media?parent=9366"}],"curies":[{"name":"wp","href":"https:\/\/api.w.org\/{rel}","templated":true}]}}