{"id":9241,"date":"2021-05-26T15:04:13","date_gmt":"2021-05-26T13:04:13","guid":{"rendered":"https:\/\/newvbtg.msalaskreacion.es\/foglalas-fizetesi-es-lemondasi-feltetelek\/"},"modified":"2026-02-09T17:40:24","modified_gmt":"2026-02-09T16:40:24","slug":"foglalas-fizetesi-es-lemondasi-feltetelek","status":"publish","type":"page","link":"https:\/\/barcelonaviptour.com\/hu\/foglalas-fizetesi-es-lemondasi-feltetelek\/","title":{"rendered":"FOGLAL\u00c1SI, FIZET\u00c9SI \u00c9S LEMOND\u00c1SI FELT\u00c9TELEK"},"content":{"rendered":"\n<p><em>K\u00e9rj\u00fck, a foglal\u00e1s v\u00e9gleges\u00edt\u00e9se el\u0151tt figyelmesen olvassa el az al\u00e1bbi felt\u00e9teleket.<\/em><\/p>\n\n\n\n<h2 class=\"wp-block-heading\">1. Foglal\u00e1s menete<\/h2>\n\n\n\n<p>Miut\u00e1n \u00d6n elk\u00fcldi r\u00e9sz\u00fcnkre a megrendel\u00e9s\u00e9t, a Barcelona VIP Tour r\u00e9szletes, <strong>eur\u00f3ban (EUR) megadott \u00e1raj\u00e1nlatot<\/strong>, valamint <strong>proforma sz\u00e1ml\u00e1t<\/strong> k\u00fcld \u00d6nnek.<br>Az \u00e1raj\u00e1nlat minden esetben tartalmazza a lefoglalt szolg\u00e1ltat\u00e1sokat t\u00e9telesen, \u00e1tl\u00e1that\u00f3 form\u00e1ban.<\/p>\n\n\n\n<p>A foglal\u00e1s kiz\u00e1r\u00f3lag az \u00e1raj\u00e1nlat \u00edr\u00e1sos elfogad\u00e1s\u00e1t \u00e9s az el\u0151leg be\u00e9rkez\u00e9s\u00e9t k\u00f6vet\u0151en v\u00e1lik v\u00e9glegess\u00e9.<\/p>\n\n\n\n<h2 class=\"wp-block-heading\">2. Fizet\u00e9si felt\u00e9telek<\/h2>\n\n\n\n<h4 class=\"wp-block-heading\">Csoportok \u00e9s utaz\u00e1si irod\u00e1k r\u00e9sz\u00e9re<\/h4>\n\n\n\n<ul class=\"wp-block-list\">\n<li>A szolg\u00e1ltat\u00e1sok <strong>50%-\u00e1t a foglal\u00e1skor<\/strong>, proforma sz\u00e1mla alapj\u00e1n sz\u00fcks\u00e9ges kifizetni.<\/li>\n\n\n\n<li>A fennmarad\u00f3 <strong>50% legk\u00e9s\u0151bb az \u00e9rkez\u00e9st megel\u0151z\u0151 14. napig<\/strong> esed\u00e9kes.<\/li>\n\n\n\n<li>Amennyiben a foglal\u00e1s \u00e9s az \u00e9rkez\u00e9s k\u00f6z\u00f6tt <strong>kevesebb mint 14 nap<\/strong> \u00e1ll rendelkez\u00e9sre, a szolg\u00e1ltat\u00e1s <strong>100%-\u00e1nak el\u0151zetes kifizet\u00e9se sz\u00fcks\u00e9ges<\/strong>.<\/li>\n<\/ul>\n\n\n\n<p><strong>Fizet\u00e9si m\u00f3d:<\/strong> banki \u00e1tutal\u00e1s<\/p>\n\n\n\n<h3 class=\"wp-block-heading\">Egy\u00e9ni utasok r\u00e9sz\u00e9re<\/h3>\n\n\n\n<ul class=\"wp-block-list\">\n<li>Fizet\u00e9s banki \u00e1tutal\u00e1ssal, hitelk\u00e1rty\u00e1val vagy k\u00e9szp\u00e9nzben t\u00f6rt\u00e9nhet.<\/li>\n\n\n\n<li>Helysz\u00edni, k\u00e9szp\u00e9nzes fizet\u00e9s kiz\u00e1r\u00f3lag <strong>idegenvezet\u00e9si szolg\u00e1ltat\u00e1s<\/strong> eset\u00e9n lehets\u00e9ges. A bel\u00e9p\u00f6jegyeket banki utal\u00e1ssal kell el\u00f6re kifizetni ld al\u00e1bb.<\/li>\n<\/ul>\n\n\n\n<h4 class=\"wp-block-heading\">Bel\u00e9p\u0151jegyek \u00e9s j\u00e1rm\u0171szolg\u00e1ltat\u00e1s<\/h4>\n\n\n\n<ul class=\"wp-block-list\">\n<li>Bel\u00e9p\u0151jegyeket \u00e9s g\u00e9pj\u00e1rm\u0171vel kapcsolatos szolg\u00e1ltat\u00e1sokat <strong>minden esetben el\u0151re kell kifizetni<\/strong>,<\/li>\n\n\n\n<li>legk\u00e9s\u0151bb <strong>az \u00e9rkez\u00e9st megel\u0151z\u0151 14. napig<\/strong>.<\/li>\n<\/ul>\n\n\n\n<h2 class=\"wp-block-heading\">3. Lemond\u00e1si felt\u00e9telek \u2013 \u00e1ltal\u00e1nos szab\u00e1lyok<\/h2>\n\n\n\n<ul class=\"wp-block-list\">\n<li>Lemond\u00e1st <strong>kiz\u00e1r\u00f3lag \u00edr\u00e1sban<\/strong> \u00e1ll m\u00f3dunkban elfogadni.<\/li>\n\n\n\n<li>K\u00e9rj\u00fck, a lemond\u00e1st az al\u00e1bbi e-mail c\u00edmre k\u00fcldje:<br>\ud83d\udce7 <strong>info@barcelonaviptour.com<\/strong><\/li>\n\n\n\n<li>Lemond\u00e1sokat <strong>h\u00e9tf\u0151t\u0151l szombatig<\/strong> dolgozzuk fel<strong>, szombaton<\/strong> <strong>16:00 \u00f3r\u00e1ig<\/strong> be\u00e9rkezett lemond\u00e1sok sz\u00e1m\u00edtanak aznapi lemond\u00e1snak.<\/li>\n<\/ul>\n\n\n\n<h2 class=\"wp-block-heading\">4. Priv\u00e1t t\u00far\u00e1k \u2013 lemond\u00e1s az utas r\u00e9sz\u00e9r\u0151l<\/h2>\n\n\n\n<ul class=\"wp-block-list\">\n<li><strong>Az \u00e9rkez\u00e9st megel\u0151z\u0151 48 \u00f3r\u00e1n t\u00fali lemond\u00e1s eset\u00e9n<\/strong><br>a szolg\u00e1ltat\u00e1s d\u00edj\u00e1t <strong>100%-ban visszat\u00e9r\u00edtj\u00fck<\/strong>,<br><strong>kiv\u00e9ve az el\u0151re megv\u00e1s\u00e1rolt bel\u00e9p\u0151jegyeket<\/strong>, melyek nem visszat\u00e9r\u00edthet\u0151k.<\/li>\n\n\n\n<li><strong>48 &#8211; 24 \u00f3r\u00e1n bel\u00fcli lemond\u00e1s eset\u00e9n: 50%os visszat\u00e9r\u00edt\u00e9s<\/strong><br><br><\/li>\n\n\n\n<li><strong>24 \u00f3r\u00e1val program el\u00f6tt: visszat\u00e9r\u00edt\u00e9sre nincs lehet\u0151s\u00e9g.<\/strong><\/li>\n<\/ul>\n\n\n\n<p><em>Az el\u0151re megv\u00e1s\u00e1rolt bel\u00e9p\u0151jegyek visszat\u00e9r\u00edt\u00e9s\u00e9re nincs m\u00f3d, mivel azokat a m\u00fazeumok \u00e9s l\u00e1tv\u00e1nyoss\u00e1gok r\u00e9sz\u00fcnkre sem t\u00e9r\u00edtik vissza.<\/em><\/p>\n\n\n\n<h2 class=\"wp-block-heading\">5. C\u00e9ges csoportok \u00e9s utaz\u00e1si irod\u00e1k \u2013 lemond\u00e1si felt\u00e9telek<\/h2>\n\n\n\n<ul class=\"wp-block-list\">\n<li><strong>Az \u00e9rkez\u00e9st megel\u0151z\u0151 14 napn\u00e1l kor\u00e1bbi lemond\u00e1s eset\u00e9n<\/strong><br>a szolg\u00e1ltat\u00e1s d\u00edj\u00e1t <strong>100%-ban visszat\u00e9r\u00edtj\u00fck<\/strong>,<br><strong>kiv\u00e9ve a sz\u00e1ll\u00e1s \u00e9s bel\u00e9p\u0151jegyek k\u00f6lts\u00e9g\u00e9t<\/strong>.<\/li>\n\n\n\n<li><strong>14 napon bel\u00fcli lemond\u00e1s eset\u00e9n<\/strong> \u2013 <strong>felt\u00e9telek egy\u00e9ni megegyez\u00e9s alapj\u00e1n.<\/strong><\/li>\n<\/ul>\n\n\n\n<p>Sz\u00e1ll\u00e1sfoglal\u00e1s, bel\u00e9p\u00f6jegyek eset\u00e9n minden esetben az <strong>el\u0151zetesen megk\u00fcld\u00f6tt egyedi szerz\u0151d\u00e9sben<\/strong> \u00e9s lemond\u00e1si felt\u00e9telekben foglaltak az ir\u00e1nyad\u00f3k.<\/p>\n\n\n\n<h2 class=\"wp-block-heading\">6. Z\u00e1r\u00f3 rendelkez\u00e9sek<\/h2>\n\n\n\n<p>&nbsp;Az aktu\u00e1lis felt\u00e9telek minden esetben a weboldalon k\u00f6zz\u00e9tett verzi\u00f3 szerint \u00e9rv\u00e9nyesek.<\/p>\n","protected":false},"excerpt":{"rendered":"<p>K\u00e9rj\u00fck, a foglal\u00e1s v\u00e9gleges\u00edt\u00e9se el\u0151tt figyelmesen olvassa el az al\u00e1bbi felt\u00e9teleket. 1. Foglal\u00e1s menete Miut\u00e1n \u00d6n elk\u00fcldi r\u00e9sz\u00fcnkre a megrendel\u00e9s\u00e9t, a Barcelona VIP Tour r\u00e9szletes, eur\u00f3ban (EUR) megadott \u00e1raj\u00e1nlatot, valamint proforma sz\u00e1ml\u00e1t k\u00fcld \u00d6nnek.Az \u00e1raj\u00e1nlat minden esetben tartalmazza a lefoglalt szolg\u00e1ltat\u00e1sokat t\u00e9telesen, \u00e1tl\u00e1that\u00f3 form\u00e1ban. A foglal\u00e1s kiz\u00e1r\u00f3lag az \u00e1raj\u00e1nlat \u00edr\u00e1sos elfogad\u00e1s\u00e1t \u00e9s az el\u0151leg be\u00e9rkez\u00e9s\u00e9t [&hellip;]<\/p>\n","protected":false},"author":2,"featured_media":0,"parent":0,"menu_order":0,"comment_status":"closed","ping_status":"closed","template":"","meta":{"_joinchat":[],"footnotes":""},"class_list":["post-9241","page","type-page","status-publish","hentry"],"yoast_head":"<!-- This site is optimized with the Yoast SEO plugin v27.3 - https:\/\/yoast.com\/product\/yoast-seo-wordpress\/ -->\n<title>FOGLAL\u00c1SI, FIZET\u00c9SI \u00c9S LEMOND\u00c1SI FELT\u00c9TELEK - BEST BARCELONA PRIVATE TOURS AND EVENTS DESIGNER<\/title>\n<meta name=\"robots\" content=\"index, follow, max-snippet:-1, max-image-preview:large, max-video-preview:-1\" \/>\n<link rel=\"canonical\" href=\"https:\/\/barcelonaviptour.com\/hu\/foglalas-fizetesi-es-lemondasi-feltetelek\/\" \/>\n<meta property=\"og:locale\" content=\"hu_HU\" \/>\n<meta property=\"og:type\" content=\"article\" \/>\n<meta property=\"og:title\" content=\"FOGLAL\u00c1SI, FIZET\u00c9SI \u00c9S LEMOND\u00c1SI FELT\u00c9TELEK - BEST BARCELONA PRIVATE TOURS AND EVENTS DESIGNER\" \/>\n<meta property=\"og:description\" content=\"K\u00e9rj\u00fck, a foglal\u00e1s v\u00e9gleges\u00edt\u00e9se el\u0151tt figyelmesen olvassa el az al\u00e1bbi felt\u00e9teleket. 1. Foglal\u00e1s menete Miut\u00e1n \u00d6n elk\u00fcldi r\u00e9sz\u00fcnkre a megrendel\u00e9s\u00e9t, a Barcelona VIP Tour r\u00e9szletes, eur\u00f3ban (EUR) megadott \u00e1raj\u00e1nlatot, valamint proforma sz\u00e1ml\u00e1t k\u00fcld \u00d6nnek.Az \u00e1raj\u00e1nlat minden esetben tartalmazza a lefoglalt szolg\u00e1ltat\u00e1sokat t\u00e9telesen, \u00e1tl\u00e1that\u00f3 form\u00e1ban. A foglal\u00e1s kiz\u00e1r\u00f3lag az \u00e1raj\u00e1nlat \u00edr\u00e1sos elfogad\u00e1s\u00e1t \u00e9s az el\u0151leg be\u00e9rkez\u00e9s\u00e9t [&hellip;]\" \/>\n<meta property=\"og:url\" content=\"https:\/\/barcelonaviptour.com\/hu\/foglalas-fizetesi-es-lemondasi-feltetelek\/\" \/>\n<meta property=\"og:site_name\" content=\"BEST BARCELONA PRIVATE TOURS AND EVENTS DESIGNER\" \/>\n<meta property=\"article:publisher\" content=\"https:\/\/www.facebook.com\/barcelonaviptour\/\" \/>\n<meta property=\"article:modified_time\" content=\"2026-02-09T16:40:24+00:00\" \/>\n<meta property=\"og:image\" content=\"https:\/\/barcelonaviptour.com\/wp-content\/uploads\/2022\/05\/logo-web-barcelonaviptour-420.png\" \/>\n\t<meta property=\"og:image:width\" content=\"420\" \/>\n\t<meta property=\"og:image:height\" content=\"276\" \/>\n\t<meta property=\"og:image:type\" content=\"image\/png\" \/>\n<meta name=\"twitter:card\" content=\"summary_large_image\" \/>\n<meta name=\"twitter:site\" content=\"@BcnVIPtour\" \/>\n<meta name=\"twitter:label1\" content=\"Becs\u00fclt olvas\u00e1si id\u0151\" \/>\n\t<meta name=\"twitter:data1\" content=\"2 perc\" \/>\n<script type=\"application\/ld+json\" class=\"yoast-schema-graph\">{\"@context\":\"https:\\\/\\\/schema.org\",\"@graph\":[{\"@type\":\"WebPage\",\"@id\":\"https:\\\/\\\/barcelonaviptour.com\\\/hu\\\/foglalas-fizetesi-es-lemondasi-feltetelek\\\/\",\"url\":\"https:\\\/\\\/barcelonaviptour.com\\\/hu\\\/foglalas-fizetesi-es-lemondasi-feltetelek\\\/\",\"name\":\"FOGLAL\u00c1SI, FIZET\u00c9SI \u00c9S LEMOND\u00c1SI FELT\u00c9TELEK - BEST BARCELONA PRIVATE TOURS AND EVENTS DESIGNER\",\"isPartOf\":{\"@id\":\"https:\\\/\\\/barcelonaviptour.com\\\/hu\\\/#website\"},\"datePublished\":\"2021-05-26T13:04:13+00:00\",\"dateModified\":\"2026-02-09T16:40:24+00:00\",\"breadcrumb\":{\"@id\":\"https:\\\/\\\/barcelonaviptour.com\\\/hu\\\/foglalas-fizetesi-es-lemondasi-feltetelek\\\/#breadcrumb\"},\"inLanguage\":\"hu\",\"potentialAction\":[{\"@type\":\"ReadAction\",\"target\":[\"https:\\\/\\\/barcelonaviptour.com\\\/hu\\\/foglalas-fizetesi-es-lemondasi-feltetelek\\\/\"]}]},{\"@type\":\"BreadcrumbList\",\"@id\":\"https:\\\/\\\/barcelonaviptour.com\\\/hu\\\/foglalas-fizetesi-es-lemondasi-feltetelek\\\/#breadcrumb\",\"itemListElement\":[{\"@type\":\"ListItem\",\"position\":1,\"name\":\"Portada\",\"item\":\"https:\\\/\\\/barcelonaviptour.com\\\/hu\\\/\"},{\"@type\":\"ListItem\",\"position\":2,\"name\":\"FOGLAL\u00c1SI, FIZET\u00c9SI \u00c9S LEMOND\u00c1SI FELT\u00c9TELEK\"}]},{\"@type\":\"WebSite\",\"@id\":\"https:\\\/\\\/barcelonaviptour.com\\\/hu\\\/#website\",\"url\":\"https:\\\/\\\/barcelonaviptour.com\\\/hu\\\/\",\"name\":\"Best Barcelona Private tours and event designer\",\"description\":\"We are Private Tours specialist in Barcelona, we don&#039;t sell tours, we offer emotions!!\",\"publisher\":{\"@id\":\"https:\\\/\\\/barcelonaviptour.com\\\/hu\\\/#organization\"},\"alternateName\":\"Private Barcelona tours and events\",\"potentialAction\":[{\"@type\":\"SearchAction\",\"target\":{\"@type\":\"EntryPoint\",\"urlTemplate\":\"https:\\\/\\\/barcelonaviptour.com\\\/hu\\\/?s={search_term_string}\"},\"query-input\":{\"@type\":\"PropertyValueSpecification\",\"valueRequired\":true,\"valueName\":\"search_term_string\"}}],\"inLanguage\":\"hu\"},{\"@type\":\"Organization\",\"@id\":\"https:\\\/\\\/barcelonaviptour.com\\\/hu\\\/#organization\",\"name\":\"Barcelona Vip Tour\",\"alternateName\":\"BCN Vip Tours\",\"url\":\"https:\\\/\\\/barcelonaviptour.com\\\/hu\\\/\",\"logo\":{\"@type\":\"ImageObject\",\"inLanguage\":\"hu\",\"@id\":\"https:\\\/\\\/barcelonaviptour.com\\\/hu\\\/#\\\/schema\\\/logo\\\/image\\\/\",\"url\":\"https:\\\/\\\/barcelonaviptour.com\\\/wp-content\\\/uploads\\\/2022\\\/05\\\/logo-web-barcelonaviptour-420.png\",\"contentUrl\":\"https:\\\/\\\/barcelonaviptour.com\\\/wp-content\\\/uploads\\\/2022\\\/05\\\/logo-web-barcelonaviptour-420.png\",\"width\":420,\"height\":276,\"caption\":\"Barcelona Vip Tour\"},\"image\":{\"@id\":\"https:\\\/\\\/barcelonaviptour.com\\\/hu\\\/#\\\/schema\\\/logo\\\/image\\\/\"},\"sameAs\":[\"https:\\\/\\\/www.facebook.com\\\/barcelonaviptour\\\/\",\"https:\\\/\\\/x.com\\\/BcnVIPtour\",\"https:\\\/\\\/www.instagram.com\\\/barcelonaviptour\\\/\",\"https:\\\/\\\/www.youtube.com\\\/channel\\\/UCiKTLk7pGHWUm1BAPxuhPSw\"]}]}<\/script>\n<!-- \/ Yoast SEO plugin. -->","yoast_head_json":{"title":"FOGLAL\u00c1SI, FIZET\u00c9SI \u00c9S LEMOND\u00c1SI FELT\u00c9TELEK - BEST BARCELONA PRIVATE TOURS AND EVENTS DESIGNER","robots":{"index":"index","follow":"follow","max-snippet":"max-snippet:-1","max-image-preview":"max-image-preview:large","max-video-preview":"max-video-preview:-1"},"canonical":"https:\/\/barcelonaviptour.com\/hu\/foglalas-fizetesi-es-lemondasi-feltetelek\/","og_locale":"hu_HU","og_type":"article","og_title":"FOGLAL\u00c1SI, FIZET\u00c9SI \u00c9S LEMOND\u00c1SI FELT\u00c9TELEK - BEST BARCELONA PRIVATE TOURS AND EVENTS DESIGNER","og_description":"K\u00e9rj\u00fck, a foglal\u00e1s v\u00e9gleges\u00edt\u00e9se el\u0151tt figyelmesen olvassa el az al\u00e1bbi felt\u00e9teleket. 1. Foglal\u00e1s menete Miut\u00e1n \u00d6n elk\u00fcldi r\u00e9sz\u00fcnkre a megrendel\u00e9s\u00e9t, a Barcelona VIP Tour r\u00e9szletes, eur\u00f3ban (EUR) megadott \u00e1raj\u00e1nlatot, valamint proforma sz\u00e1ml\u00e1t k\u00fcld \u00d6nnek.Az \u00e1raj\u00e1nlat minden esetben tartalmazza a lefoglalt szolg\u00e1ltat\u00e1sokat t\u00e9telesen, \u00e1tl\u00e1that\u00f3 form\u00e1ban. A foglal\u00e1s kiz\u00e1r\u00f3lag az \u00e1raj\u00e1nlat \u00edr\u00e1sos elfogad\u00e1s\u00e1t \u00e9s az el\u0151leg be\u00e9rkez\u00e9s\u00e9t [&hellip;]","og_url":"https:\/\/barcelonaviptour.com\/hu\/foglalas-fizetesi-es-lemondasi-feltetelek\/","og_site_name":"BEST BARCELONA PRIVATE TOURS AND EVENTS DESIGNER","article_publisher":"https:\/\/www.facebook.com\/barcelonaviptour\/","article_modified_time":"2026-02-09T16:40:24+00:00","og_image":[{"width":420,"height":276,"url":"https:\/\/barcelonaviptour.com\/wp-content\/uploads\/2022\/05\/logo-web-barcelonaviptour-420.png","type":"image\/png"}],"twitter_card":"summary_large_image","twitter_site":"@BcnVIPtour","twitter_misc":{"Becs\u00fclt olvas\u00e1si id\u0151":"2 perc"},"schema":{"@context":"https:\/\/schema.org","@graph":[{"@type":"WebPage","@id":"https:\/\/barcelonaviptour.com\/hu\/foglalas-fizetesi-es-lemondasi-feltetelek\/","url":"https:\/\/barcelonaviptour.com\/hu\/foglalas-fizetesi-es-lemondasi-feltetelek\/","name":"FOGLAL\u00c1SI, FIZET\u00c9SI \u00c9S LEMOND\u00c1SI FELT\u00c9TELEK - BEST BARCELONA PRIVATE TOURS AND EVENTS DESIGNER","isPartOf":{"@id":"https:\/\/barcelonaviptour.com\/hu\/#website"},"datePublished":"2021-05-26T13:04:13+00:00","dateModified":"2026-02-09T16:40:24+00:00","breadcrumb":{"@id":"https:\/\/barcelonaviptour.com\/hu\/foglalas-fizetesi-es-lemondasi-feltetelek\/#breadcrumb"},"inLanguage":"hu","potentialAction":[{"@type":"ReadAction","target":["https:\/\/barcelonaviptour.com\/hu\/foglalas-fizetesi-es-lemondasi-feltetelek\/"]}]},{"@type":"BreadcrumbList","@id":"https:\/\/barcelonaviptour.com\/hu\/foglalas-fizetesi-es-lemondasi-feltetelek\/#breadcrumb","itemListElement":[{"@type":"ListItem","position":1,"name":"Portada","item":"https:\/\/barcelonaviptour.com\/hu\/"},{"@type":"ListItem","position":2,"name":"FOGLAL\u00c1SI, FIZET\u00c9SI \u00c9S LEMOND\u00c1SI FELT\u00c9TELEK"}]},{"@type":"WebSite","@id":"https:\/\/barcelonaviptour.com\/hu\/#website","url":"https:\/\/barcelonaviptour.com\/hu\/","name":"Best Barcelona Private tours and event designer","description":"We are Private Tours specialist in Barcelona, we don&#039;t sell tours, we offer emotions!!","publisher":{"@id":"https:\/\/barcelonaviptour.com\/hu\/#organization"},"alternateName":"Private Barcelona tours and events","potentialAction":[{"@type":"SearchAction","target":{"@type":"EntryPoint","urlTemplate":"https:\/\/barcelonaviptour.com\/hu\/?s={search_term_string}"},"query-input":{"@type":"PropertyValueSpecification","valueRequired":true,"valueName":"search_term_string"}}],"inLanguage":"hu"},{"@type":"Organization","@id":"https:\/\/barcelonaviptour.com\/hu\/#organization","name":"Barcelona Vip Tour","alternateName":"BCN Vip Tours","url":"https:\/\/barcelonaviptour.com\/hu\/","logo":{"@type":"ImageObject","inLanguage":"hu","@id":"https:\/\/barcelonaviptour.com\/hu\/#\/schema\/logo\/image\/","url":"https:\/\/barcelonaviptour.com\/wp-content\/uploads\/2022\/05\/logo-web-barcelonaviptour-420.png","contentUrl":"https:\/\/barcelonaviptour.com\/wp-content\/uploads\/2022\/05\/logo-web-barcelonaviptour-420.png","width":420,"height":276,"caption":"Barcelona Vip Tour"},"image":{"@id":"https:\/\/barcelonaviptour.com\/hu\/#\/schema\/logo\/image\/"},"sameAs":["https:\/\/www.facebook.com\/barcelonaviptour\/","https:\/\/x.com\/BcnVIPtour","https:\/\/www.instagram.com\/barcelonaviptour\/","https:\/\/www.youtube.com\/channel\/UCiKTLk7pGHWUm1BAPxuhPSw"]}]}},"_links":{"self":[{"href":"https:\/\/barcelonaviptour.com\/hu\/wp-json\/wp\/v2\/pages\/9241","targetHints":{"allow":["GET"]}}],"collection":[{"href":"https:\/\/barcelonaviptour.com\/hu\/wp-json\/wp\/v2\/pages"}],"about":[{"href":"https:\/\/barcelonaviptour.com\/hu\/wp-json\/wp\/v2\/types\/page"}],"author":[{"embeddable":true,"href":"https:\/\/barcelonaviptour.com\/hu\/wp-json\/wp\/v2\/users\/2"}],"replies":[{"embeddable":true,"href":"https:\/\/barcelonaviptour.com\/hu\/wp-json\/wp\/v2\/comments?post=9241"}],"version-history":[{"count":1,"href":"https:\/\/barcelonaviptour.com\/hu\/wp-json\/wp\/v2\/pages\/9241\/revisions"}],"predecessor-version":[{"id":13104,"href":"https:\/\/barcelonaviptour.com\/hu\/wp-json\/wp\/v2\/pages\/9241\/revisions\/13104"}],"wp:attachment":[{"href":"https:\/\/barcelonaviptour.com\/hu\/wp-json\/wp\/v2\/media?parent=9241"}],"curies":[{"name":"wp","href":"https:\/\/api.w.org\/{rel}","templated":true}]}}