{"id":9708,"date":"2021-04-16T12:52:18","date_gmt":"2021-04-16T10:52:18","guid":{"rendered":"https:\/\/newvbtg.msalaskreacion.es\/cookies-policy\/"},"modified":"2021-11-02T10:23:12","modified_gmt":"2021-11-02T09:23:12","slug":"cookies-policy","status":"publish","type":"page","link":"https:\/\/barcelonaviptour.com\/fr\/cookies-policy\/","title":{"rendered":"POLITIQUE EN MATI\u00c8RE DE COOKIES"},"content":{"rendered":"<p>L&rsquo;entreprise &#8211; Agence de voyages Barcelona Tours &amp; Events. S.L , avec CIF : B55108518 , Av Pau Casals, 38, 2\u00ba, 5\u00aa. 08389. Palafolls, Espagne. Le pr\u00e9sent document expose sa politique de collecte et de traitement des cookies, conform\u00e9ment \u00e0 l&rsquo;article 22.2 de la loi 34\/2002, du 11 juillet 2002, relative aux services de la soci\u00e9t\u00e9 de l&rsquo;information et au commerce \u00e9lectronique (LSSI-CE).<\/p>\n<p>Les cookies sont stock\u00e9s sur l&rsquo;\u00e9quipement terminal de l&rsquo;utilisateur (ordinateur ou dispositif mobile) et recueillent des informations lors de la visite du site web https:\/\/www.barcelonaviptour.com\/, afin d&rsquo;am\u00e9liorer la convivialit\u00e9 du site, de conna\u00eetre les habitudes ou les besoins de navigation des utilisateurs pour pouvoir s&rsquo;y adapter, ainsi que pour obtenir des informations \u00e0 des fins statistiques. Dans le cas des utilisateurs qui sont d\u00e9j\u00e0 clients de Barcelona tours&amp; events. S.L , les informations collect\u00e9es par les cookies serviront \u00e9galement \u00e0 les identifier lors de l&rsquo;acc\u00e8s aux diff\u00e9rents outils mis \u00e0 leur disposition pour la gestion des services.<\/p>\n<p>Cette politique de cookies s&rsquo;applique aux utilisateurs qui visitent volontairement les pages web de Barcelona Tours &amp; Events. S.L , remplissent des formulaires de collecte de donn\u00e9es, acc\u00e8dent aux outils que Barcelona Tours &amp; Events. S.L met \u00e0 la disposition de ses clients pour g\u00e9rer leurs services, ou qui utilisent tout autre service pr\u00e9sent sur le site web qui implique la communication de donn\u00e9es \u00e0 Barcelona Tours &amp; Events. S.L , ou l&rsquo;acc\u00e8s aux donn\u00e9es par Barcelona Tours &amp; Events. S.L pour la prestation de ses services.<\/p>\n<p>Barcelona Tours &amp; Events. S.L informe les utilisateurs de ses pages web de l&rsquo;existence de cookies et met \u00e0 leur disposition la pr\u00e9sente Politique dans le but de les informer sur l&rsquo;utilisation et la finalit\u00e9 de ces derniers. Le fait de continuer la navigation \u00e0 travers ses pages, suppose la connaissance et l&rsquo;acceptation de la pr\u00e9sente Politique de la part de ces utilisateurs.<\/p>\n<p>Barcelona Tours &amp; Events. S.L. utilise les types de cookies suivants : Class\u00e9s en fonction de leur propri\u00e9t\u00e9 :<\/p>\n<p>*Cookies propres : envoy\u00e9s et g\u00e9r\u00e9s directement par BARCELONA TOURS &amp; EVENTS. S.L. .<\/p>\n<p>*Cookies de tiers : envoy\u00e9s et g\u00e9r\u00e9s par un tiers ext\u00e9rieur \u00e0 BARCELONA TOURS &amp; EVENTS. S.L , de mani\u00e8re anonyme, dans le but de r\u00e9aliser des \u00e9tudes statistiques sur la navigation des pages web de BARCELONA TOURS &amp; EVENTS. S.L .<\/p>\n<p>Class\u00e9s en fonction de leur finalit\u00e9 :<\/p>\n<p>*Cookies techniques et\/ou de personnalisation : ils facilitent la navigation en identifiant la session, en permettant l&rsquo;acc\u00e8s \u00e0 des outils \u00e0 acc\u00e8s restreint, ainsi que la configuration des options disponibles. Ils rendent possible la prestation du service pr\u00e9c\u00e9demment demand\u00e9 par l&rsquo;utilisateur.<\/p>\n<p>*Cookies d&rsquo;analyse et\/ou de publicit\u00e9 : ils permettent de conna\u00eetre le nombre de visites re\u00e7ues dans les diff\u00e9rentes sections des pages web, les habitudes et les tendances de leurs utilisateurs et, par cons\u00e9quent, d&rsquo;am\u00e9liorer la navigation et le service offert par BARCELONA TOURS &amp; EVENTS. S.L (essentiellement, Google Analytics*), ainsi que pour g\u00e9rer les espaces publicitaires inclus dans la page web visit\u00e9e par l&rsquo;utilisateur. Il recueille des donn\u00e9es de mani\u00e8re anonyme afin d&rsquo;obtenir des profils de navigation des utilisateurs.<\/p>\n<p>Class\u00e9s en fonction de leur dur\u00e9e :<\/p>\n<p>*Cookies de session : ils collectent et stockent des donn\u00e9es pendant que l&rsquo;utilisateur acc\u00e8de au site web.<\/p>\n<p>*Cookies persistants : ils collectent et stockent des donn\u00e9es dans le terminal de l&rsquo;utilisateur pendant une dur\u00e9e variable en fonction de l&rsquo;objectif pour lequel ils ont \u00e9t\u00e9 utilis\u00e9s.<\/p>\n<p>Le temps de conservation des cookies d\u00e9pendra du type en question et sera toujours le minimum indispensable pour remplir sa finalit\u00e9.<\/p>\n<p>Le tableau d\u00e9taille les cookies utilis\u00e9s sur notre site web :<\/p>\n<p>Fournisseur &#8211; Nom &#8211; Type &#8211; Expiration<\/p>\n<p>Google &#8211; Analytics &#8211; HTTP &#8211; 2 ans<\/p>\n<p>Google &#8211; Analytics &#8211; HTTP &#8211; 1 jour<\/p>\n<p>Google &#8211; Analytics &#8211; HTTP &#8211; 1 minute<\/p>\n<p>Dans tous les cas, les utilisateurs peuvent configurer leur navigateur pour d\u00e9sactiver ou bloquer la r\u00e9ception de tout ou partie des cookies. Le fait de ne pas vouloir recevoir ces cookies ne constitue pas un emp\u00eachement \u00e0 l&rsquo;acc\u00e8s \u00e0 l&rsquo;information des sites web de BARCELONA TOURS &amp; EVENTS, bien que l&rsquo;utilisation de certains services puisse \u00eatre limit\u00e9e. Si une fois le consentement pour la r\u00e9ception de cookies accord\u00e9, on souhaite le retirer, ces cookies stock\u00e9s sur l&rsquo;ordinateur de l&rsquo;utilisateur auront \u00e9t\u00e9 \u00e9limin\u00e9s, \u00e0 travers les options des diff\u00e9rents navigateurs.<\/p>\n<p>La fa\u00e7on de configurer les diff\u00e9rents navigateurs pour exercer les actions indiqu\u00e9es dans les paragraphes pr\u00e9c\u00e9dents, peut \u00eatre consult\u00e9e \u00e0 :<\/p>\n<p>Explorer:\u00a0<a href=\"https:\/\/support.microsoft.com\/es-es\/help\/17479\/windows-internet-explorer-11-change-security-privacy-settings\">https:\/\/support.microsoft.com\/es-es\/help\/17479\/windows-internet-explorer-11-<\/a>\u00a0<a href=\"https:\/\/support.microsoft.com\/es-es\/help\/17479\/windows-internet-explorer-11-change-security-privacy-settings\">change-security-privacy-settings<\/a><\/p>\n<p>Chrome:\u00a0<a href=\"https:\/\/support.google.com\/chrome\/answer\/95647?hl=es\">https:\/\/support.google.com\/chrome\/answer\/95647?hl=es<\/a><\/p>\n<p>Firefox:\u00a0<a href=\"http:\/\/support.mozilla.org\/es\/kb\/cookies-informacion-que-los-sitios-web-guardan-en-?redirectlocale=en-US&amp;amp;redirectslug=Cookies\">http:\/\/support.mozilla.org\/es\/kb\/cookies-informacion-que-los-sitios-web-<\/a>\u00a0<a href=\"http:\/\/support.mozilla.org\/es\/kb\/cookies-informacion-que-los-sitios-web-guardan-en-?redirectlocale=en-US&amp;amp;redirectslug=Cookies\">guardan-en-?redirectlocale=en-US&amp;redirectslug=Cookies<\/a><\/p>\n<p>Safari:\u00a0<a href=\"https:\/\/support.apple.com\/kb\/ph21411?locale=es_ES\">https:\/\/support.apple.com\/kb\/ph21411?locale=es_ES<\/a><\/p>\n","protected":false},"excerpt":{"rendered":"<p>L&rsquo;entreprise &#8211; Agence de voyages Barcelona Tours &amp; Events. S.L , avec CIF : B55108518 , Av Pau Casals, 38, 2\u00ba, 5\u00aa. 08389. Palafolls, Espagne. Le pr\u00e9sent document expose sa politique de collecte et de traitement des cookies, conform\u00e9ment \u00e0 l&rsquo;article 22.2 de la loi 34\/2002, du 11 juillet 2002, relative aux services de la [&hellip;]<\/p>\n","protected":false},"author":2,"featured_media":0,"parent":0,"menu_order":0,"comment_status":"closed","ping_status":"closed","template":"","meta":{"_joinchat":[],"footnotes":""},"class_list":["post-9708","page","type-page","status-publish","hentry"],"yoast_head":"<!-- This site is optimized with the Yoast SEO plugin v27.3 - https:\/\/yoast.com\/product\/yoast-seo-wordpress\/ -->\n<title>POLITIQUE EN MATI\u00c8RE DE COOKIES - BEST BARCELONA PRIVATE TOURS AND EVENTS DESIGNER<\/title>\n<meta name=\"robots\" content=\"noindex, nofollow\" \/>\n<meta property=\"og:locale\" content=\"fr_FR\" \/>\n<meta property=\"og:type\" content=\"article\" \/>\n<meta property=\"og:title\" content=\"POLITIQUE EN MATI\u00c8RE DE COOKIES - BEST BARCELONA PRIVATE TOURS AND EVENTS DESIGNER\" \/>\n<meta property=\"og:description\" content=\"L&rsquo;entreprise &#8211; Agence de voyages Barcelona Tours &amp; Events. S.L , avec CIF : B55108518 , Av Pau Casals, 38, 2\u00ba, 5\u00aa. 08389. Palafolls, Espagne. Le pr\u00e9sent document expose sa politique de collecte et de traitement des cookies, conform\u00e9ment \u00e0 l&rsquo;article 22.2 de la loi 34\/2002, du 11 juillet 2002, relative aux services de la [&hellip;]\" \/>\n<meta property=\"og:url\" content=\"https:\/\/barcelonaviptour.com\/fr\/cookies-policy\/\" \/>\n<meta property=\"og:site_name\" content=\"BEST BARCELONA PRIVATE TOURS AND EVENTS DESIGNER\" \/>\n<meta property=\"article:publisher\" content=\"https:\/\/www.facebook.com\/barcelonaviptour\/\" \/>\n<meta property=\"article:modified_time\" content=\"2021-11-02T09:23:12+00:00\" \/>\n<meta property=\"og:image\" content=\"https:\/\/barcelonaviptour.com\/wp-content\/uploads\/2022\/05\/logo-web-barcelonaviptour-420.png\" \/>\n\t<meta property=\"og:image:width\" content=\"420\" \/>\n\t<meta property=\"og:image:height\" content=\"276\" \/>\n\t<meta property=\"og:image:type\" content=\"image\/png\" \/>\n<meta name=\"twitter:card\" content=\"summary_large_image\" \/>\n<meta name=\"twitter:site\" content=\"@BcnVIPtour\" \/>\n<meta name=\"twitter:label1\" content=\"Dur\u00e9e de lecture estim\u00e9e\" \/>\n\t<meta name=\"twitter:data1\" content=\"4 minutes\" \/>\n<script type=\"application\/ld+json\" class=\"yoast-schema-graph\">{\"@context\":\"https:\\\/\\\/schema.org\",\"@graph\":[{\"@type\":\"WebPage\",\"@id\":\"https:\\\/\\\/barcelonaviptour.com\\\/fr\\\/cookies-policy\\\/\",\"url\":\"https:\\\/\\\/barcelonaviptour.com\\\/fr\\\/cookies-policy\\\/\",\"name\":\"POLITIQUE EN MATI\u00c8RE DE COOKIES - BEST BARCELONA PRIVATE TOURS AND EVENTS DESIGNER\",\"isPartOf\":{\"@id\":\"https:\\\/\\\/barcelonaviptour.com\\\/fr\\\/#website\"},\"datePublished\":\"2021-04-16T10:52:18+00:00\",\"dateModified\":\"2021-11-02T09:23:12+00:00\",\"breadcrumb\":{\"@id\":\"https:\\\/\\\/barcelonaviptour.com\\\/fr\\\/cookies-policy\\\/#breadcrumb\"},\"inLanguage\":\"fr-FR\",\"potentialAction\":[{\"@type\":\"ReadAction\",\"target\":[\"https:\\\/\\\/barcelonaviptour.com\\\/fr\\\/cookies-policy\\\/\"]}]},{\"@type\":\"BreadcrumbList\",\"@id\":\"https:\\\/\\\/barcelonaviptour.com\\\/fr\\\/cookies-policy\\\/#breadcrumb\",\"itemListElement\":[{\"@type\":\"ListItem\",\"position\":1,\"name\":\"Portada\",\"item\":\"https:\\\/\\\/barcelonaviptour.com\\\/fr\\\/\"},{\"@type\":\"ListItem\",\"position\":2,\"name\":\"POLITIQUE EN MATI\u00c8RE DE COOKIES\"}]},{\"@type\":\"WebSite\",\"@id\":\"https:\\\/\\\/barcelonaviptour.com\\\/fr\\\/#website\",\"url\":\"https:\\\/\\\/barcelonaviptour.com\\\/fr\\\/\",\"name\":\"Best Barcelona Private tours and event designer\",\"description\":\"We are Private Tours specialist in Barcelona, we don&#039;t sell tours, we offer emotions!!\",\"publisher\":{\"@id\":\"https:\\\/\\\/barcelonaviptour.com\\\/fr\\\/#organization\"},\"alternateName\":\"Private Barcelona tours and events\",\"potentialAction\":[{\"@type\":\"SearchAction\",\"target\":{\"@type\":\"EntryPoint\",\"urlTemplate\":\"https:\\\/\\\/barcelonaviptour.com\\\/fr\\\/?s={search_term_string}\"},\"query-input\":{\"@type\":\"PropertyValueSpecification\",\"valueRequired\":true,\"valueName\":\"search_term_string\"}}],\"inLanguage\":\"fr-FR\"},{\"@type\":\"Organization\",\"@id\":\"https:\\\/\\\/barcelonaviptour.com\\\/fr\\\/#organization\",\"name\":\"Barcelona Vip Tour\",\"alternateName\":\"BCN Vip Tours\",\"url\":\"https:\\\/\\\/barcelonaviptour.com\\\/fr\\\/\",\"logo\":{\"@type\":\"ImageObject\",\"inLanguage\":\"fr-FR\",\"@id\":\"https:\\\/\\\/barcelonaviptour.com\\\/fr\\\/#\\\/schema\\\/logo\\\/image\\\/\",\"url\":\"https:\\\/\\\/barcelonaviptour.com\\\/wp-content\\\/uploads\\\/2022\\\/05\\\/logo-web-barcelonaviptour-420.png\",\"contentUrl\":\"https:\\\/\\\/barcelonaviptour.com\\\/wp-content\\\/uploads\\\/2022\\\/05\\\/logo-web-barcelonaviptour-420.png\",\"width\":420,\"height\":276,\"caption\":\"Barcelona Vip Tour\"},\"image\":{\"@id\":\"https:\\\/\\\/barcelonaviptour.com\\\/fr\\\/#\\\/schema\\\/logo\\\/image\\\/\"},\"sameAs\":[\"https:\\\/\\\/www.facebook.com\\\/barcelonaviptour\\\/\",\"https:\\\/\\\/x.com\\\/BcnVIPtour\",\"https:\\\/\\\/www.instagram.com\\\/barcelonaviptour\\\/\",\"https:\\\/\\\/www.youtube.com\\\/channel\\\/UCiKTLk7pGHWUm1BAPxuhPSw\"]}]}<\/script>\n<!-- \/ Yoast SEO plugin. -->","yoast_head_json":{"title":"POLITIQUE EN MATI\u00c8RE DE COOKIES - BEST BARCELONA PRIVATE TOURS AND EVENTS DESIGNER","robots":{"index":"noindex","follow":"nofollow"},"og_locale":"fr_FR","og_type":"article","og_title":"POLITIQUE EN MATI\u00c8RE DE COOKIES - BEST BARCELONA PRIVATE TOURS AND EVENTS DESIGNER","og_description":"L&rsquo;entreprise &#8211; Agence de voyages Barcelona Tours &amp; Events. S.L , avec CIF : B55108518 , Av Pau Casals, 38, 2\u00ba, 5\u00aa. 08389. Palafolls, Espagne. Le pr\u00e9sent document expose sa politique de collecte et de traitement des cookies, conform\u00e9ment \u00e0 l&rsquo;article 22.2 de la loi 34\/2002, du 11 juillet 2002, relative aux services de la [&hellip;]","og_url":"https:\/\/barcelonaviptour.com\/fr\/cookies-policy\/","og_site_name":"BEST BARCELONA PRIVATE TOURS AND EVENTS DESIGNER","article_publisher":"https:\/\/www.facebook.com\/barcelonaviptour\/","article_modified_time":"2021-11-02T09:23:12+00:00","og_image":[{"width":420,"height":276,"url":"https:\/\/barcelonaviptour.com\/wp-content\/uploads\/2022\/05\/logo-web-barcelonaviptour-420.png","type":"image\/png"}],"twitter_card":"summary_large_image","twitter_site":"@BcnVIPtour","twitter_misc":{"Dur\u00e9e de lecture estim\u00e9e":"4 minutes"},"schema":{"@context":"https:\/\/schema.org","@graph":[{"@type":"WebPage","@id":"https:\/\/barcelonaviptour.com\/fr\/cookies-policy\/","url":"https:\/\/barcelonaviptour.com\/fr\/cookies-policy\/","name":"POLITIQUE EN MATI\u00c8RE DE COOKIES - BEST BARCELONA PRIVATE TOURS AND EVENTS DESIGNER","isPartOf":{"@id":"https:\/\/barcelonaviptour.com\/fr\/#website"},"datePublished":"2021-04-16T10:52:18+00:00","dateModified":"2021-11-02T09:23:12+00:00","breadcrumb":{"@id":"https:\/\/barcelonaviptour.com\/fr\/cookies-policy\/#breadcrumb"},"inLanguage":"fr-FR","potentialAction":[{"@type":"ReadAction","target":["https:\/\/barcelonaviptour.com\/fr\/cookies-policy\/"]}]},{"@type":"BreadcrumbList","@id":"https:\/\/barcelonaviptour.com\/fr\/cookies-policy\/#breadcrumb","itemListElement":[{"@type":"ListItem","position":1,"name":"Portada","item":"https:\/\/barcelonaviptour.com\/fr\/"},{"@type":"ListItem","position":2,"name":"POLITIQUE EN MATI\u00c8RE DE COOKIES"}]},{"@type":"WebSite","@id":"https:\/\/barcelonaviptour.com\/fr\/#website","url":"https:\/\/barcelonaviptour.com\/fr\/","name":"Best Barcelona Private tours and event designer","description":"We are Private Tours specialist in Barcelona, we don&#039;t sell tours, we offer emotions!!","publisher":{"@id":"https:\/\/barcelonaviptour.com\/fr\/#organization"},"alternateName":"Private Barcelona tours and events","potentialAction":[{"@type":"SearchAction","target":{"@type":"EntryPoint","urlTemplate":"https:\/\/barcelonaviptour.com\/fr\/?s={search_term_string}"},"query-input":{"@type":"PropertyValueSpecification","valueRequired":true,"valueName":"search_term_string"}}],"inLanguage":"fr-FR"},{"@type":"Organization","@id":"https:\/\/barcelonaviptour.com\/fr\/#organization","name":"Barcelona Vip Tour","alternateName":"BCN Vip Tours","url":"https:\/\/barcelonaviptour.com\/fr\/","logo":{"@type":"ImageObject","inLanguage":"fr-FR","@id":"https:\/\/barcelonaviptour.com\/fr\/#\/schema\/logo\/image\/","url":"https:\/\/barcelonaviptour.com\/wp-content\/uploads\/2022\/05\/logo-web-barcelonaviptour-420.png","contentUrl":"https:\/\/barcelonaviptour.com\/wp-content\/uploads\/2022\/05\/logo-web-barcelonaviptour-420.png","width":420,"height":276,"caption":"Barcelona Vip Tour"},"image":{"@id":"https:\/\/barcelonaviptour.com\/fr\/#\/schema\/logo\/image\/"},"sameAs":["https:\/\/www.facebook.com\/barcelonaviptour\/","https:\/\/x.com\/BcnVIPtour","https:\/\/www.instagram.com\/barcelonaviptour\/","https:\/\/www.youtube.com\/channel\/UCiKTLk7pGHWUm1BAPxuhPSw"]}]}},"_links":{"self":[{"href":"https:\/\/barcelonaviptour.com\/fr\/wp-json\/wp\/v2\/pages\/9708","targetHints":{"allow":["GET"]}}],"collection":[{"href":"https:\/\/barcelonaviptour.com\/fr\/wp-json\/wp\/v2\/pages"}],"about":[{"href":"https:\/\/barcelonaviptour.com\/fr\/wp-json\/wp\/v2\/types\/page"}],"author":[{"embeddable":true,"href":"https:\/\/barcelonaviptour.com\/fr\/wp-json\/wp\/v2\/users\/2"}],"replies":[{"embeddable":true,"href":"https:\/\/barcelonaviptour.com\/fr\/wp-json\/wp\/v2\/comments?post=9708"}],"version-history":[{"count":0,"href":"https:\/\/barcelonaviptour.com\/fr\/wp-json\/wp\/v2\/pages\/9708\/revisions"}],"wp:attachment":[{"href":"https:\/\/barcelonaviptour.com\/fr\/wp-json\/wp\/v2\/media?parent=9708"}],"curies":[{"name":"wp","href":"https:\/\/api.w.org\/{rel}","templated":true}]}}