{"id":9365,"date":"2021-04-16T12:51:53","date_gmt":"2021-04-16T10:51:53","guid":{"rendered":"https:\/\/newvbtg.msalaskreacion.es\/data-protection\/"},"modified":"2021-11-02T10:14:38","modified_gmt":"2021-11-02T09:14:38","slug":"data-protection","status":"publish","type":"page","link":"https:\/\/barcelonaviptour.com\/fr\/data-protection\/","title":{"rendered":"Protection des donn\u00e9es"},"content":{"rendered":"<p>Conform\u00e9ment \u00e0 la r\u00e9glementation en vigueur en mati\u00e8re de protection des donn\u00e9es personnelles, nous vous informons que vos donn\u00e9es seront incorpor\u00e9es au syst\u00e8me de traitement appartenant \u00e0\u00a0<strong>Barcelona Tours &amp; Events, S.L<\/strong>., CIF B55108518 et dont le si\u00e8ge social est situ\u00e9 Av Pau Casals, 38, 2\u00ba, 5\u00aa, 08389 Palafolls, Espagne, afin de r\u00e9pondre \u00e0 vos demandes et de vous envoyer des informations connexes susceptibles de vous int\u00e9resser. Conform\u00e9ment \u00e0 la l\u00e9gislation en vigueur, Barcelona Tours &amp; Events, S.L. vous informe que les donn\u00e9es seront conserv\u00e9es pendant la p\u00e9riode strictement n\u00e9cessaire au respect des pr\u00e9ceptes susmentionn\u00e9s.<\/p>\n<p>Tant que vous ne nous informez pas du contraire, nous consid\u00e9rerons que vos donn\u00e9es n&rsquo;ont pas \u00e9t\u00e9 modifi\u00e9es, que vous vous engagez \u00e0 nous informer de toute modification et que nous avons votre consentement pour les utiliser aux fins susmentionn\u00e9es.<\/p>\n<p><strong>Barcelona Tours &amp; Events, S.L.<\/strong>\u00a0informe qu&rsquo;elle proc\u00e9dera au traitement des donn\u00e9es de mani\u00e8re licite, loyale, transparente, ad\u00e9quate, pertinente, limit\u00e9e, pr\u00e9cise et actualis\u00e9e. Pour cette raison, Barcelona Tours &amp; Events, S.L. s&rsquo;engage \u00e0 adopter toutes les mesures raisonnables pour que les donn\u00e9es soient supprim\u00e9es ou rectifi\u00e9es sans d\u00e9lai lorsqu&rsquo;elles sont inexactes.<\/p>\n<p>Conform\u00e9ment aux droits conf\u00e9r\u00e9s par la l\u00e9gislation en vigueur en mati\u00e8re de protection des donn\u00e9es, vous pouvez exercer vos droits d&rsquo;acc\u00e8s, de rectification, de limitation du traitement, d&rsquo;effacement, de portabilit\u00e9 et d&rsquo;opposition au traitement de vos donn\u00e9es personnelles, ainsi que le consentement donn\u00e9 pour leur traitement, en envoyant votre demande \u00e0 l&rsquo;adresse postale indiqu\u00e9e ci-dessus ou \u00e0 l&rsquo;adresse \u00e9lectronique info@barcelonaviptour.com.<\/p>\n<p>Nous vous informons \u00e9galement que vous pouvez contacter le responsable de la confidentialit\u00e9 et\/ou de la s\u00e9curit\u00e9 de Barcelona Tours &amp; Events, S.L., en \u00e9crivant \u00e0 l&rsquo;adresse \u00e9lectronique info@barcelonaviptour.com ou par t\u00e9l\u00e9phone au 937657814.<\/p>\n","protected":false},"excerpt":{"rendered":"<p>Conform\u00e9ment \u00e0 la r\u00e9glementation en vigueur en mati\u00e8re de protection des donn\u00e9es personnelles, nous vous informons que vos donn\u00e9es seront incorpor\u00e9es au syst\u00e8me de traitement appartenant \u00e0\u00a0Barcelona Tours &amp; Events, S.L., CIF B55108518 et dont le si\u00e8ge social est situ\u00e9 Av Pau Casals, 38, 2\u00ba, 5\u00aa, 08389 Palafolls, Espagne, afin de r\u00e9pondre \u00e0 vos demandes [&hellip;]<\/p>\n","protected":false},"author":2,"featured_media":0,"parent":0,"menu_order":0,"comment_status":"closed","ping_status":"closed","template":"","meta":{"_joinchat":[],"footnotes":""},"class_list":["post-9365","page","type-page","status-publish","hentry"],"yoast_head":"<!-- This site is optimized with the Yoast SEO plugin v27.3 - https:\/\/yoast.com\/product\/yoast-seo-wordpress\/ -->\n<title>Protection des donn\u00e9es - BEST BARCELONA PRIVATE TOURS AND EVENTS DESIGNER<\/title>\n<meta name=\"robots\" content=\"noindex, nofollow\" \/>\n<meta property=\"og:locale\" content=\"fr_FR\" \/>\n<meta property=\"og:type\" content=\"article\" \/>\n<meta property=\"og:title\" content=\"Protection des donn\u00e9es - BEST BARCELONA PRIVATE TOURS AND EVENTS DESIGNER\" \/>\n<meta property=\"og:description\" content=\"Conform\u00e9ment \u00e0 la r\u00e9glementation en vigueur en mati\u00e8re de protection des donn\u00e9es personnelles, nous vous informons que vos donn\u00e9es seront incorpor\u00e9es au syst\u00e8me de traitement appartenant \u00e0\u00a0Barcelona Tours &amp; Events, S.L., CIF B55108518 et dont le si\u00e8ge social est situ\u00e9 Av Pau Casals, 38, 2\u00ba, 5\u00aa, 08389 Palafolls, Espagne, afin de r\u00e9pondre \u00e0 vos demandes [&hellip;]\" \/>\n<meta property=\"og:url\" content=\"https:\/\/barcelonaviptour.com\/fr\/data-protection\/\" \/>\n<meta property=\"og:site_name\" content=\"BEST BARCELONA PRIVATE TOURS AND EVENTS DESIGNER\" \/>\n<meta property=\"article:publisher\" content=\"https:\/\/www.facebook.com\/barcelonaviptour\/\" \/>\n<meta property=\"article:modified_time\" content=\"2021-11-02T09:14:38+00:00\" \/>\n<meta property=\"og:image\" content=\"https:\/\/barcelonaviptour.com\/wp-content\/uploads\/2022\/05\/logo-web-barcelonaviptour-420.png\" \/>\n\t<meta property=\"og:image:width\" content=\"420\" \/>\n\t<meta property=\"og:image:height\" content=\"276\" \/>\n\t<meta property=\"og:image:type\" content=\"image\/png\" \/>\n<meta name=\"twitter:card\" content=\"summary_large_image\" \/>\n<meta name=\"twitter:site\" content=\"@BcnVIPtour\" \/>\n<meta name=\"twitter:label1\" content=\"Dur\u00e9e de lecture estim\u00e9e\" \/>\n\t<meta name=\"twitter:data1\" content=\"2 minutes\" \/>\n<script type=\"application\/ld+json\" class=\"yoast-schema-graph\">{\"@context\":\"https:\\\/\\\/schema.org\",\"@graph\":[{\"@type\":\"WebPage\",\"@id\":\"https:\\\/\\\/barcelonaviptour.com\\\/fr\\\/data-protection\\\/\",\"url\":\"https:\\\/\\\/barcelonaviptour.com\\\/fr\\\/data-protection\\\/\",\"name\":\"Protection des donn\u00e9es - BEST BARCELONA PRIVATE TOURS AND EVENTS DESIGNER\",\"isPartOf\":{\"@id\":\"https:\\\/\\\/barcelonaviptour.com\\\/fr\\\/#website\"},\"datePublished\":\"2021-04-16T10:51:53+00:00\",\"dateModified\":\"2021-11-02T09:14:38+00:00\",\"breadcrumb\":{\"@id\":\"https:\\\/\\\/barcelonaviptour.com\\\/fr\\\/data-protection\\\/#breadcrumb\"},\"inLanguage\":\"fr-FR\",\"potentialAction\":[{\"@type\":\"ReadAction\",\"target\":[\"https:\\\/\\\/barcelonaviptour.com\\\/fr\\\/data-protection\\\/\"]}]},{\"@type\":\"BreadcrumbList\",\"@id\":\"https:\\\/\\\/barcelonaviptour.com\\\/fr\\\/data-protection\\\/#breadcrumb\",\"itemListElement\":[{\"@type\":\"ListItem\",\"position\":1,\"name\":\"Portada\",\"item\":\"https:\\\/\\\/barcelonaviptour.com\\\/fr\\\/\"},{\"@type\":\"ListItem\",\"position\":2,\"name\":\"Protection des donn\u00e9es\"}]},{\"@type\":\"WebSite\",\"@id\":\"https:\\\/\\\/barcelonaviptour.com\\\/fr\\\/#website\",\"url\":\"https:\\\/\\\/barcelonaviptour.com\\\/fr\\\/\",\"name\":\"Best Barcelona Private tours and event designer\",\"description\":\"We are Private Tours specialist in Barcelona, we don&#039;t sell tours, we offer emotions!!\",\"publisher\":{\"@id\":\"https:\\\/\\\/barcelonaviptour.com\\\/fr\\\/#organization\"},\"alternateName\":\"Private Barcelona tours and events\",\"potentialAction\":[{\"@type\":\"SearchAction\",\"target\":{\"@type\":\"EntryPoint\",\"urlTemplate\":\"https:\\\/\\\/barcelonaviptour.com\\\/fr\\\/?s={search_term_string}\"},\"query-input\":{\"@type\":\"PropertyValueSpecification\",\"valueRequired\":true,\"valueName\":\"search_term_string\"}}],\"inLanguage\":\"fr-FR\"},{\"@type\":\"Organization\",\"@id\":\"https:\\\/\\\/barcelonaviptour.com\\\/fr\\\/#organization\",\"name\":\"Barcelona Vip Tour\",\"alternateName\":\"BCN Vip Tours\",\"url\":\"https:\\\/\\\/barcelonaviptour.com\\\/fr\\\/\",\"logo\":{\"@type\":\"ImageObject\",\"inLanguage\":\"fr-FR\",\"@id\":\"https:\\\/\\\/barcelonaviptour.com\\\/fr\\\/#\\\/schema\\\/logo\\\/image\\\/\",\"url\":\"https:\\\/\\\/barcelonaviptour.com\\\/wp-content\\\/uploads\\\/2022\\\/05\\\/logo-web-barcelonaviptour-420.png\",\"contentUrl\":\"https:\\\/\\\/barcelonaviptour.com\\\/wp-content\\\/uploads\\\/2022\\\/05\\\/logo-web-barcelonaviptour-420.png\",\"width\":420,\"height\":276,\"caption\":\"Barcelona Vip Tour\"},\"image\":{\"@id\":\"https:\\\/\\\/barcelonaviptour.com\\\/fr\\\/#\\\/schema\\\/logo\\\/image\\\/\"},\"sameAs\":[\"https:\\\/\\\/www.facebook.com\\\/barcelonaviptour\\\/\",\"https:\\\/\\\/x.com\\\/BcnVIPtour\",\"https:\\\/\\\/www.instagram.com\\\/barcelonaviptour\\\/\",\"https:\\\/\\\/www.youtube.com\\\/channel\\\/UCiKTLk7pGHWUm1BAPxuhPSw\"]}]}<\/script>\n<!-- \/ Yoast SEO plugin. -->","yoast_head_json":{"title":"Protection des donn\u00e9es - BEST BARCELONA PRIVATE TOURS AND EVENTS DESIGNER","robots":{"index":"noindex","follow":"nofollow"},"og_locale":"fr_FR","og_type":"article","og_title":"Protection des donn\u00e9es - BEST BARCELONA PRIVATE TOURS AND EVENTS DESIGNER","og_description":"Conform\u00e9ment \u00e0 la r\u00e9glementation en vigueur en mati\u00e8re de protection des donn\u00e9es personnelles, nous vous informons que vos donn\u00e9es seront incorpor\u00e9es au syst\u00e8me de traitement appartenant \u00e0\u00a0Barcelona Tours &amp; Events, S.L., CIF B55108518 et dont le si\u00e8ge social est situ\u00e9 Av Pau Casals, 38, 2\u00ba, 5\u00aa, 08389 Palafolls, Espagne, afin de r\u00e9pondre \u00e0 vos demandes [&hellip;]","og_url":"https:\/\/barcelonaviptour.com\/fr\/data-protection\/","og_site_name":"BEST BARCELONA PRIVATE TOURS AND EVENTS DESIGNER","article_publisher":"https:\/\/www.facebook.com\/barcelonaviptour\/","article_modified_time":"2021-11-02T09:14:38+00:00","og_image":[{"width":420,"height":276,"url":"https:\/\/barcelonaviptour.com\/wp-content\/uploads\/2022\/05\/logo-web-barcelonaviptour-420.png","type":"image\/png"}],"twitter_card":"summary_large_image","twitter_site":"@BcnVIPtour","twitter_misc":{"Dur\u00e9e de lecture estim\u00e9e":"2 minutes"},"schema":{"@context":"https:\/\/schema.org","@graph":[{"@type":"WebPage","@id":"https:\/\/barcelonaviptour.com\/fr\/data-protection\/","url":"https:\/\/barcelonaviptour.com\/fr\/data-protection\/","name":"Protection des donn\u00e9es - BEST BARCELONA PRIVATE TOURS AND EVENTS DESIGNER","isPartOf":{"@id":"https:\/\/barcelonaviptour.com\/fr\/#website"},"datePublished":"2021-04-16T10:51:53+00:00","dateModified":"2021-11-02T09:14:38+00:00","breadcrumb":{"@id":"https:\/\/barcelonaviptour.com\/fr\/data-protection\/#breadcrumb"},"inLanguage":"fr-FR","potentialAction":[{"@type":"ReadAction","target":["https:\/\/barcelonaviptour.com\/fr\/data-protection\/"]}]},{"@type":"BreadcrumbList","@id":"https:\/\/barcelonaviptour.com\/fr\/data-protection\/#breadcrumb","itemListElement":[{"@type":"ListItem","position":1,"name":"Portada","item":"https:\/\/barcelonaviptour.com\/fr\/"},{"@type":"ListItem","position":2,"name":"Protection des donn\u00e9es"}]},{"@type":"WebSite","@id":"https:\/\/barcelonaviptour.com\/fr\/#website","url":"https:\/\/barcelonaviptour.com\/fr\/","name":"Best Barcelona Private tours and event designer","description":"We are Private Tours specialist in Barcelona, we don&#039;t sell tours, we offer emotions!!","publisher":{"@id":"https:\/\/barcelonaviptour.com\/fr\/#organization"},"alternateName":"Private Barcelona tours and events","potentialAction":[{"@type":"SearchAction","target":{"@type":"EntryPoint","urlTemplate":"https:\/\/barcelonaviptour.com\/fr\/?s={search_term_string}"},"query-input":{"@type":"PropertyValueSpecification","valueRequired":true,"valueName":"search_term_string"}}],"inLanguage":"fr-FR"},{"@type":"Organization","@id":"https:\/\/barcelonaviptour.com\/fr\/#organization","name":"Barcelona Vip Tour","alternateName":"BCN Vip Tours","url":"https:\/\/barcelonaviptour.com\/fr\/","logo":{"@type":"ImageObject","inLanguage":"fr-FR","@id":"https:\/\/barcelonaviptour.com\/fr\/#\/schema\/logo\/image\/","url":"https:\/\/barcelonaviptour.com\/wp-content\/uploads\/2022\/05\/logo-web-barcelonaviptour-420.png","contentUrl":"https:\/\/barcelonaviptour.com\/wp-content\/uploads\/2022\/05\/logo-web-barcelonaviptour-420.png","width":420,"height":276,"caption":"Barcelona Vip Tour"},"image":{"@id":"https:\/\/barcelonaviptour.com\/fr\/#\/schema\/logo\/image\/"},"sameAs":["https:\/\/www.facebook.com\/barcelonaviptour\/","https:\/\/x.com\/BcnVIPtour","https:\/\/www.instagram.com\/barcelonaviptour\/","https:\/\/www.youtube.com\/channel\/UCiKTLk7pGHWUm1BAPxuhPSw"]}]}},"_links":{"self":[{"href":"https:\/\/barcelonaviptour.com\/fr\/wp-json\/wp\/v2\/pages\/9365","targetHints":{"allow":["GET"]}}],"collection":[{"href":"https:\/\/barcelonaviptour.com\/fr\/wp-json\/wp\/v2\/pages"}],"about":[{"href":"https:\/\/barcelonaviptour.com\/fr\/wp-json\/wp\/v2\/types\/page"}],"author":[{"embeddable":true,"href":"https:\/\/barcelonaviptour.com\/fr\/wp-json\/wp\/v2\/users\/2"}],"replies":[{"embeddable":true,"href":"https:\/\/barcelonaviptour.com\/fr\/wp-json\/wp\/v2\/comments?post=9365"}],"version-history":[{"count":0,"href":"https:\/\/barcelonaviptour.com\/fr\/wp-json\/wp\/v2\/pages\/9365\/revisions"}],"wp:attachment":[{"href":"https:\/\/barcelonaviptour.com\/fr\/wp-json\/wp\/v2\/media?parent=9365"}],"curies":[{"name":"wp","href":"https:\/\/api.w.org\/{rel}","templated":true}]}}