{"id":8968,"date":"2021-05-26T15:04:13","date_gmt":"2021-05-26T13:04:13","guid":{"rendered":"https:\/\/newvbtg.msalaskreacion.es\/termes-conditions\/"},"modified":"2021-10-26T11:09:00","modified_gmt":"2021-10-26T09:09:00","slug":"termes-conditions","status":"publish","type":"page","link":"https:\/\/barcelonaviptour.com\/fr\/termes-conditions\/","title":{"rendered":"TERMES &#038; CONDITIONS"},"content":{"rendered":"\n<p>Avant de r\u00e9server un voyage avec Barcelona Vip Tour, veuillez prendre le temps de lire et de comprendre les conditions de r\u00e9servation.<\/p>\n\n<h2 class=\"has-text-align-left wp-block-heading\">Conditions de r\u00e9servation<\/h2>\n\n<h3 class=\"wp-block-heading\">R\u00c9SERVATION:<\/h3>\n\n<p>En r\u00e9servant une excursion avec Barcelona Vip Tour (d\u00e9sign\u00e9 dans ces conditions comme \u00ab\u00a0nous\u00a0\u00bb), vous acceptez ces conditions en votre nom et au nom de toutes les autres personnes utilisant nos services en vertu d&rsquo;une r\u00e9servation faite par vous.<\/p>\n\n<p>Votre r\u00e9servation sera accept\u00e9e par nous sur cette base. Les services \u00e0 fournir sont ceux mentionn\u00e9s sur votre facture de confirmation de r\u00e9servation.<\/p>\n\n<h3 class=\"wp-block-heading\">CONFIRMATION DE LA R\u00c9SERVATION:<\/h3>\n\n<p>Le voucher ou le document de voyage d\u00e9livr\u00e9 et tamponn\u00e9 par l&rsquo;agent de voyage constitue la preuve de la r\u00e9servation.<\/p>\n\n<h3 class=\"wp-block-heading\">PRIX:<\/h3>\n\n<p>*Le prix \u00e0 payer sera celui indiqu\u00e9 sur le formulaire de r\u00e9servation.<\/p>\n\n<p>*Le prix comprend exactement les services contract\u00e9s.<\/p>\n\n<p>*Le prix ne comprend pas, sauf indication contraire expresse, les d\u00e9placements en taxi, les repas et les boissons, les transports publics, qui doivent \u00eatre pay\u00e9s par le client.<\/p>\n\n<h3 class=\"wp-block-heading\">ASSURANCE:\u00a0\u00a0\u00a0\u00a0\u00a0\u00a0\u00a0\u00a0\u00a0\u00a0\u00a0\u00a0\u00a0\u00a0\u00a0\u00a0\u00a0\u00a0\u00a0\u00a0\u00a0\u00a0\u00a0\u00a0\u00a0\u00a0\u00a0\u00a0\u00a0\u00a0\u00a0\u00a0\u00a0\u00a0\u00a0\u00a0\u00a0\u00a0\u00a0\u00a0\u00a0\u00a0\u00a0\u00a0\u00a0\u00a0\u00a0<\/h3>\n\n<p>*Nous ne fournissons aucune assurance. Il est de votre enti\u00e8re responsabilit\u00e9 de souscrire une assurance voyage appropri\u00e9e. Nous vous recommandons vivement de souscrire une assurance voyage en cas de maladie, d&rsquo;annulation, de perte de bagages, de retard et autres.<\/p>\n\n<p>*Barcelona Vip Tour et ses guides touristiques ind\u00e9pendants n&rsquo;acceptent aucune responsabilit\u00e9 pour toute blessure, perte, vol, dommage ou \u00e9v\u00e9nement impr\u00e9vu pouvant survenir pendant les visites.<\/p>\n\n<h3 class=\"wp-block-heading\">LE D\u00c9P\u00d4T ET LES PAIEMENTS FINAUX:<\/h3>\n\n<p>Apr\u00e8s avoir confirm\u00e9 la disponibilit\u00e9 et accept\u00e9 votre r\u00e9servation, nous vous enverrons un itin\u00e9raire d\u00e9taill\u00e9 et une facture avec les d\u00e9tails du paiement. Vous devez verser un acompte de 50 % du montant total de la facture pour que votre r\u00e9servation soit confirm\u00e9e et les 50 % restants sont dus 21 jours avant la date du voyage. Si votre r\u00e9servation est effectu\u00e9e dans les 21 jours pr\u00e9c\u00e9dant la date de d\u00e9part, le montant total doit \u00eatre pay\u00e9 au moment de la r\u00e9servation. Nous acceptons les paiements par carte de cr\u00e9dit et par virement bancaire.<\/p>\n\n<h3 class=\"wp-block-heading\">POLITIQUE D&rsquo;ANNULATION:\u00a0\u00a0\u00a0<\/h3>\n\n<p>Toute annulation doit \u00eatre effectu\u00e9e par courrier \u00e9lectronique en nous contactant \u00e0 l&rsquo;adresse info@barcelonaviptour.com. BARCELONA VIP TOUR en accusera \u00e9galement r\u00e9ception par courrier \u00e9lectronique. Les annulations de derni\u00e8re minute peuvent \u00e9galement \u00eatre notifi\u00e9es par e-mail ou par notre num\u00e9ro whatsapp +34 639519487. Les notifications d&rsquo;annulation par t\u00e9l\u00e9phone ne seront pas accept\u00e9es, car nous pouvons \u00eatre l\u00e9galement oblig\u00e9s de fournir une preuve \u00e9crite de la r\u00e9ception de la notification. Les notifications d&rsquo;annulation envoy\u00e9es aux t\u00e9l\u00e9phones personnels de nos guides par SMS ou Whatsapp ne seront pas accept\u00e9es car ils n&rsquo;ont pas acc\u00e8s aux syst\u00e8mes de r\u00e9servations notre soci\u00e9t\u00e9.<\/p>\n\n<h4 class=\"wp-block-heading\">Visites guid\u00e9es priv\u00e9s ; annulation par le client:<\/h4>\n\n<p>*Remboursement int\u00e9gral (100 %) pour les circuits annul\u00e9s plus de 48 heures avant l&rsquo;heure de d\u00e9part pr\u00e9vue, \u00e0 l&rsquo;exception des frais d&rsquo;entr\u00e9e.<\/p>\n\n<p>*Aucun remboursement pour les visites annul\u00e9es moins de 48 heures avant l&rsquo;heure de d\u00e9part pr\u00e9vue ou en cas de non-pr\u00e9sentation. <\/p>\n\n<p>*No-shows. Si le client ne se pr\u00e9sente pas ou ne nous contacte pas via le num\u00e9ro de t\u00e9l\u00e9phone du guide touristique indiqu\u00e9 sur le formulaire de r\u00e9servation dans les 30 minutes pr\u00e9c\u00e9dant l&rsquo;heure de d\u00e9but de l&rsquo;excursion r\u00e9serv\u00e9e, le client sera consid\u00e9r\u00e9 comme ne se pr\u00e9sentant pas et aucun remboursement ne sera effectu\u00e9. Les clients qui r\u00e9servent un circuit avec transfert \u00e0 l&rsquo;a\u00e9roport doivent nous contacter d\u00e8s que possible si leur vol est retard\u00e9 ou annul\u00e9. <\/p>\n\n<p>*Que se passe-t-il si un ou plusieurs membres de votre groupe doivent annuler la visite mais que les autres veulent continuer ? Nous ne pourrons pas rembourser la part proportionnelle \u00e0 la (aux) personne(s) qui n&rsquo;a (n&rsquo;ont) pas particip\u00e9 \u00e0 l&rsquo;excursion, car le service restera en vigueur, nos tarifs \u00e9tant calcul\u00e9s par excursion et non par personne.<\/p>\n\n<h4 class=\"wp-block-heading\">Voyages Incentives \/\u00e9v\u00e9nements d&rsquo;entreprise ; annulation par le client:<\/h4>\n\n<p>*Remboursement int\u00e9gral pour les \u00e9v\u00e9nements annul\u00e9s plus de 21 jours avant l&rsquo;heure de d\u00e9but pr\u00e9vue, \u00e0 l&rsquo;exception de l&rsquo;h\u00e9bergement, des droits d&rsquo;entr\u00e9e et des billets qui ne sont pas remboursables.<\/p>\n\n<p>*Aucun remboursement pour les \u00e9v\u00e9nements annul\u00e9s dans les 21 jours pr\u00e9c\u00e9dant l&rsquo;heure de d\u00e9but pr\u00e9vue de l&rsquo;\u00e9v\u00e9nement.<\/p>\n\n<h4 class=\"wp-block-heading\">POLITIQUE D&rsquo;ANNULATION DES BILLETS D&rsquo;ATTRACTION:<\/h4>\n\n<p>Les billets ne sont pas remboursables (principalement parce que l&rsquo;achat du billet est d\u00e9finitif et que les sites ne proposent pas de remboursement). Barcelona Vip Tour les conservera pour les utiliser en cas d&rsquo;annulation. <\/p>\n\n<h4 class=\"wp-block-heading\">Annulation par Barcelona Vip Tour:\u00a0 \u00a0 \u00a0\u00a0\u00a0\u00a0\u00a0\u00a0\u00a0\u00a0\u00a0\u00a0\u00a0<\/h4>\n\n<p>En raison de circonstances impr\u00e9vues, nous nous r\u00e9servons le droit d&rsquo;annuler votre visite. Si un tel \u00e9v\u00e9nement se produit, nous vous rembourserons les sommes d\u00e9j\u00e0 vers\u00e9es, y compris l&rsquo;acompte, mais nous ne sommes pas tenus de vous verser une indemnisation suppl\u00e9mentaire. Les circonstances impr\u00e9vues comprennent, sans s&rsquo;y limiter, les catastrophes naturelles ou nucl\u00e9aires, la guerre ou la menace de guerre, les \u00e9meutes, les terroristes, les incendies, les conditions m\u00e9t\u00e9orologiques d\u00e9favorables, les pand\u00e9mies et d&rsquo;autres catastrophes naturelles.<\/p>\n\n<h4 class=\"wp-block-heading\">Conditions m\u00e9t\u00e9orologiques:<\/h4>\n\n<p>Nos circuits fonctionnent dans tous les types de conditions m\u00e9t\u00e9orologiques. La pluie ou d&rsquo;autres conditions m\u00e9t\u00e9orologiques ne constituent pas une raison suffisante pour annuler une excursion. En cas de fortes pluies, nous vous demandons d&rsquo;apporter des v\u00eatements de pluie adapt\u00e9s.<\/p>\n\n<h3 class=\"wp-block-heading\">DES MODIFICATIONS DE VOTRE R\u00c9SERVATION:<\/h3>\n\n<p>Nous prendrons toutes les dispositions possibles pour votre r\u00e9servation sans frais suppl\u00e9mentaires. Si vous devez apporter des modifications, veuillez nous contacter d\u00e8s que possible et confirmer votre demande par \u00e9crit. Encore une fois, nous essaierons de nous adapter sans frais suppl\u00e9mentaires, mais nous ne pouvons pas le garantir. S&rsquo;il n&rsquo;est pas possible d&rsquo;apporter des modifications \u00e0 votre r\u00e9servation pour quelque raison que ce soit, vous avez la possibilit\u00e9 de poursuivre les arrangements initialement r\u00e9serv\u00e9s, ou d&rsquo;annuler et de payer les frais d&rsquo;annulation (le cas \u00e9ch\u00e9ant) indiqu\u00e9s ci-dessous.<\/p>\n\n<h3 class=\"wp-block-heading\">CONFIDENTIALIT\u00c9:\u00a0\u00a0\u00a0\u00a0\u00a0\u00a0\u00a0\u00a0\u00a0\u00a0\u00a0\u00a0\u00a0\u00a0\u00a0\u00a0\u00a0\u00a0\u00a0\u00a0\u00a0\u00a0\u00a0\u00a0\u00a0<\/h3>\n\n<p>Nous assumons l&rsquo;enti\u00e8re responsabilit\u00e9 de veiller \u00e0 ce que des mesures de s\u00e9curit\u00e9 appropri\u00e9es soient prises pour prot\u00e9ger les informations priv\u00e9es et confidentielles que vous nous avez fournies lors de la r\u00e9servation. Les informations recueillies seront utilis\u00e9es pour effectuer des r\u00e9servations aupr\u00e8s des h\u00f4tels et de tout autre fournisseur tiers n\u00e9cessaire \u00e0 l&rsquo;organisation de votre voyage. Nous partagerons les informations relatives \u00e0 votre r\u00e9gime alimentaire, \u00e0 votre \u00e9tat de sant\u00e9 ou \u00e0 tout autre handicap avec les fournisseurs partenaires, afin de vous garantir un voyage s\u00fbr et agr\u00e9able. En r\u00e9servant chez nous, vous acceptez que ces informations soient transmises \u00e0 toutes les personnes concern\u00e9es<\/p>\n","protected":false},"excerpt":{"rendered":"<p>Avant de r\u00e9server un voyage avec Barcelona Vip Tour, veuillez prendre le temps de lire et de comprendre les conditions de r\u00e9servation. Conditions de r\u00e9servation R\u00c9SERVATION: En r\u00e9servant une excursion avec Barcelona Vip Tour (d\u00e9sign\u00e9 dans ces conditions comme \u00ab\u00a0nous\u00a0\u00bb), vous acceptez ces conditions en votre nom et au nom de toutes les autres personnes [&hellip;]<\/p>\n","protected":false},"author":2,"featured_media":0,"parent":0,"menu_order":0,"comment_status":"closed","ping_status":"closed","template":"","meta":{"_joinchat":[],"footnotes":""},"class_list":["post-8968","page","type-page","status-publish","hentry"],"yoast_head":"<!-- This site is optimized with the Yoast SEO plugin v27.3 - https:\/\/yoast.com\/product\/yoast-seo-wordpress\/ -->\n<title>TERMES &amp; CONDITIONS - BEST BARCELONA PRIVATE TOURS AND EVENTS DESIGNER<\/title>\n<meta name=\"robots\" content=\"noindex, nofollow\" \/>\n<meta property=\"og:locale\" content=\"fr_FR\" \/>\n<meta property=\"og:type\" content=\"article\" \/>\n<meta property=\"og:title\" content=\"TERMES &amp; CONDITIONS - BEST BARCELONA PRIVATE TOURS AND EVENTS DESIGNER\" \/>\n<meta property=\"og:description\" content=\"Avant de r\u00e9server un voyage avec Barcelona Vip Tour, veuillez prendre le temps de lire et de comprendre les conditions de r\u00e9servation. Conditions de r\u00e9servation R\u00c9SERVATION: En r\u00e9servant une excursion avec Barcelona Vip Tour (d\u00e9sign\u00e9 dans ces conditions comme \u00ab\u00a0nous\u00a0\u00bb), vous acceptez ces conditions en votre nom et au nom de toutes les autres personnes [&hellip;]\" \/>\n<meta property=\"og:url\" content=\"https:\/\/barcelonaviptour.com\/fr\/termes-conditions\/\" \/>\n<meta property=\"og:site_name\" content=\"BEST BARCELONA PRIVATE TOURS AND EVENTS DESIGNER\" \/>\n<meta property=\"article:publisher\" content=\"https:\/\/www.facebook.com\/barcelonaviptour\/\" \/>\n<meta property=\"article:modified_time\" content=\"2021-10-26T09:09:00+00:00\" \/>\n<meta property=\"og:image\" content=\"https:\/\/barcelonaviptour.com\/wp-content\/uploads\/2022\/05\/logo-web-barcelonaviptour-420.png\" \/>\n\t<meta property=\"og:image:width\" content=\"420\" \/>\n\t<meta property=\"og:image:height\" content=\"276\" \/>\n\t<meta property=\"og:image:type\" content=\"image\/png\" \/>\n<meta name=\"twitter:card\" content=\"summary_large_image\" \/>\n<meta name=\"twitter:site\" content=\"@BcnVIPtour\" \/>\n<meta name=\"twitter:label1\" content=\"Dur\u00e9e de lecture estim\u00e9e\" \/>\n\t<meta name=\"twitter:data1\" content=\"6 minutes\" \/>\n<script type=\"application\/ld+json\" class=\"yoast-schema-graph\">{\"@context\":\"https:\\\/\\\/schema.org\",\"@graph\":[{\"@type\":\"WebPage\",\"@id\":\"https:\\\/\\\/barcelonaviptour.com\\\/fr\\\/termes-conditions\\\/\",\"url\":\"https:\\\/\\\/barcelonaviptour.com\\\/fr\\\/termes-conditions\\\/\",\"name\":\"TERMES & CONDITIONS - BEST BARCELONA PRIVATE TOURS AND EVENTS DESIGNER\",\"isPartOf\":{\"@id\":\"https:\\\/\\\/barcelonaviptour.com\\\/fr\\\/#website\"},\"datePublished\":\"2021-05-26T13:04:13+00:00\",\"dateModified\":\"2021-10-26T09:09:00+00:00\",\"breadcrumb\":{\"@id\":\"https:\\\/\\\/barcelonaviptour.com\\\/fr\\\/termes-conditions\\\/#breadcrumb\"},\"inLanguage\":\"fr-FR\",\"potentialAction\":[{\"@type\":\"ReadAction\",\"target\":[\"https:\\\/\\\/barcelonaviptour.com\\\/fr\\\/termes-conditions\\\/\"]}]},{\"@type\":\"BreadcrumbList\",\"@id\":\"https:\\\/\\\/barcelonaviptour.com\\\/fr\\\/termes-conditions\\\/#breadcrumb\",\"itemListElement\":[{\"@type\":\"ListItem\",\"position\":1,\"name\":\"Portada\",\"item\":\"https:\\\/\\\/barcelonaviptour.com\\\/fr\\\/\"},{\"@type\":\"ListItem\",\"position\":2,\"name\":\"TERMES &#038; CONDITIONS\"}]},{\"@type\":\"WebSite\",\"@id\":\"https:\\\/\\\/barcelonaviptour.com\\\/fr\\\/#website\",\"url\":\"https:\\\/\\\/barcelonaviptour.com\\\/fr\\\/\",\"name\":\"Best Barcelona Private tours and event designer\",\"description\":\"We are Private Tours specialist in Barcelona, we don&#039;t sell tours, we offer emotions!!\",\"publisher\":{\"@id\":\"https:\\\/\\\/barcelonaviptour.com\\\/fr\\\/#organization\"},\"alternateName\":\"Private Barcelona tours and events\",\"potentialAction\":[{\"@type\":\"SearchAction\",\"target\":{\"@type\":\"EntryPoint\",\"urlTemplate\":\"https:\\\/\\\/barcelonaviptour.com\\\/fr\\\/?s={search_term_string}\"},\"query-input\":{\"@type\":\"PropertyValueSpecification\",\"valueRequired\":true,\"valueName\":\"search_term_string\"}}],\"inLanguage\":\"fr-FR\"},{\"@type\":\"Organization\",\"@id\":\"https:\\\/\\\/barcelonaviptour.com\\\/fr\\\/#organization\",\"name\":\"Barcelona Vip Tour\",\"alternateName\":\"BCN Vip Tours\",\"url\":\"https:\\\/\\\/barcelonaviptour.com\\\/fr\\\/\",\"logo\":{\"@type\":\"ImageObject\",\"inLanguage\":\"fr-FR\",\"@id\":\"https:\\\/\\\/barcelonaviptour.com\\\/fr\\\/#\\\/schema\\\/logo\\\/image\\\/\",\"url\":\"https:\\\/\\\/barcelonaviptour.com\\\/wp-content\\\/uploads\\\/2022\\\/05\\\/logo-web-barcelonaviptour-420.png\",\"contentUrl\":\"https:\\\/\\\/barcelonaviptour.com\\\/wp-content\\\/uploads\\\/2022\\\/05\\\/logo-web-barcelonaviptour-420.png\",\"width\":420,\"height\":276,\"caption\":\"Barcelona Vip Tour\"},\"image\":{\"@id\":\"https:\\\/\\\/barcelonaviptour.com\\\/fr\\\/#\\\/schema\\\/logo\\\/image\\\/\"},\"sameAs\":[\"https:\\\/\\\/www.facebook.com\\\/barcelonaviptour\\\/\",\"https:\\\/\\\/x.com\\\/BcnVIPtour\",\"https:\\\/\\\/www.instagram.com\\\/barcelonaviptour\\\/\",\"https:\\\/\\\/www.youtube.com\\\/channel\\\/UCiKTLk7pGHWUm1BAPxuhPSw\"]}]}<\/script>\n<!-- \/ Yoast SEO plugin. -->","yoast_head_json":{"title":"TERMES & CONDITIONS - BEST BARCELONA PRIVATE TOURS AND EVENTS DESIGNER","robots":{"index":"noindex","follow":"nofollow"},"og_locale":"fr_FR","og_type":"article","og_title":"TERMES & CONDITIONS - BEST BARCELONA PRIVATE TOURS AND EVENTS DESIGNER","og_description":"Avant de r\u00e9server un voyage avec Barcelona Vip Tour, veuillez prendre le temps de lire et de comprendre les conditions de r\u00e9servation. Conditions de r\u00e9servation R\u00c9SERVATION: En r\u00e9servant une excursion avec Barcelona Vip Tour (d\u00e9sign\u00e9 dans ces conditions comme \u00ab\u00a0nous\u00a0\u00bb), vous acceptez ces conditions en votre nom et au nom de toutes les autres personnes [&hellip;]","og_url":"https:\/\/barcelonaviptour.com\/fr\/termes-conditions\/","og_site_name":"BEST BARCELONA PRIVATE TOURS AND EVENTS DESIGNER","article_publisher":"https:\/\/www.facebook.com\/barcelonaviptour\/","article_modified_time":"2021-10-26T09:09:00+00:00","og_image":[{"width":420,"height":276,"url":"https:\/\/barcelonaviptour.com\/wp-content\/uploads\/2022\/05\/logo-web-barcelonaviptour-420.png","type":"image\/png"}],"twitter_card":"summary_large_image","twitter_site":"@BcnVIPtour","twitter_misc":{"Dur\u00e9e de lecture estim\u00e9e":"6 minutes"},"schema":{"@context":"https:\/\/schema.org","@graph":[{"@type":"WebPage","@id":"https:\/\/barcelonaviptour.com\/fr\/termes-conditions\/","url":"https:\/\/barcelonaviptour.com\/fr\/termes-conditions\/","name":"TERMES & CONDITIONS - BEST BARCELONA PRIVATE TOURS AND EVENTS DESIGNER","isPartOf":{"@id":"https:\/\/barcelonaviptour.com\/fr\/#website"},"datePublished":"2021-05-26T13:04:13+00:00","dateModified":"2021-10-26T09:09:00+00:00","breadcrumb":{"@id":"https:\/\/barcelonaviptour.com\/fr\/termes-conditions\/#breadcrumb"},"inLanguage":"fr-FR","potentialAction":[{"@type":"ReadAction","target":["https:\/\/barcelonaviptour.com\/fr\/termes-conditions\/"]}]},{"@type":"BreadcrumbList","@id":"https:\/\/barcelonaviptour.com\/fr\/termes-conditions\/#breadcrumb","itemListElement":[{"@type":"ListItem","position":1,"name":"Portada","item":"https:\/\/barcelonaviptour.com\/fr\/"},{"@type":"ListItem","position":2,"name":"TERMES &#038; CONDITIONS"}]},{"@type":"WebSite","@id":"https:\/\/barcelonaviptour.com\/fr\/#website","url":"https:\/\/barcelonaviptour.com\/fr\/","name":"Best Barcelona Private tours and event designer","description":"We are Private Tours specialist in Barcelona, we don&#039;t sell tours, we offer emotions!!","publisher":{"@id":"https:\/\/barcelonaviptour.com\/fr\/#organization"},"alternateName":"Private Barcelona tours and events","potentialAction":[{"@type":"SearchAction","target":{"@type":"EntryPoint","urlTemplate":"https:\/\/barcelonaviptour.com\/fr\/?s={search_term_string}"},"query-input":{"@type":"PropertyValueSpecification","valueRequired":true,"valueName":"search_term_string"}}],"inLanguage":"fr-FR"},{"@type":"Organization","@id":"https:\/\/barcelonaviptour.com\/fr\/#organization","name":"Barcelona Vip Tour","alternateName":"BCN Vip Tours","url":"https:\/\/barcelonaviptour.com\/fr\/","logo":{"@type":"ImageObject","inLanguage":"fr-FR","@id":"https:\/\/barcelonaviptour.com\/fr\/#\/schema\/logo\/image\/","url":"https:\/\/barcelonaviptour.com\/wp-content\/uploads\/2022\/05\/logo-web-barcelonaviptour-420.png","contentUrl":"https:\/\/barcelonaviptour.com\/wp-content\/uploads\/2022\/05\/logo-web-barcelonaviptour-420.png","width":420,"height":276,"caption":"Barcelona Vip Tour"},"image":{"@id":"https:\/\/barcelonaviptour.com\/fr\/#\/schema\/logo\/image\/"},"sameAs":["https:\/\/www.facebook.com\/barcelonaviptour\/","https:\/\/x.com\/BcnVIPtour","https:\/\/www.instagram.com\/barcelonaviptour\/","https:\/\/www.youtube.com\/channel\/UCiKTLk7pGHWUm1BAPxuhPSw"]}]}},"_links":{"self":[{"href":"https:\/\/barcelonaviptour.com\/fr\/wp-json\/wp\/v2\/pages\/8968","targetHints":{"allow":["GET"]}}],"collection":[{"href":"https:\/\/barcelonaviptour.com\/fr\/wp-json\/wp\/v2\/pages"}],"about":[{"href":"https:\/\/barcelonaviptour.com\/fr\/wp-json\/wp\/v2\/types\/page"}],"author":[{"embeddable":true,"href":"https:\/\/barcelonaviptour.com\/fr\/wp-json\/wp\/v2\/users\/2"}],"replies":[{"embeddable":true,"href":"https:\/\/barcelonaviptour.com\/fr\/wp-json\/wp\/v2\/comments?post=8968"}],"version-history":[{"count":0,"href":"https:\/\/barcelonaviptour.com\/fr\/wp-json\/wp\/v2\/pages\/8968\/revisions"}],"wp:attachment":[{"href":"https:\/\/barcelonaviptour.com\/fr\/wp-json\/wp\/v2\/media?parent=8968"}],"curies":[{"name":"wp","href":"https:\/\/api.w.org\/{rel}","templated":true}]}}