{"id":9705,"date":"2021-04-16T12:52:18","date_gmt":"2021-04-16T10:52:18","guid":{"rendered":"https:\/\/newvbtg.msalaskreacion.es\/politica-de-cookies\/"},"modified":"2021-11-02T10:29:13","modified_gmt":"2021-11-02T09:29:13","slug":"politica-de-cookies","status":"publish","type":"page","link":"https:\/\/barcelonaviptour.com\/es\/politica-de-cookies\/","title":{"rendered":"Pol\u00edtica de cookies"},"content":{"rendered":"<p>La empresa &#8211; Agencia de viajes Barcelona Tours &amp; Events. S.L , con CIF: B55108518 , Av Pau Casals, 38, 2\u00ba, 5\u00aa. 08389. Palafolls, Espa\u00f1a. A continuaci\u00f3n expone su pol\u00edtica de recogida y tratamiento de cookies, en cumplimiento del art\u00edculo 22.2 de la Ley 34\/2002, de 11 de julio, de Servicios de la Sociedad de la Informaci\u00f3n y de Comercio Electr\u00f3nico (LSSI-CE).<\/p>\n<p>Las cookies se almacenan en el equipo terminal del usuario (ordenador o dispositivo m\u00f3vil) y recogen informaci\u00f3n al visitar el sitio web https:\/\/www.barcelonaviptour.com\/, con el fin de mejorar la usabilidad del sitio, conocer los h\u00e1bitos o necesidades de navegaci\u00f3n de los usuarios para poder adaptarse a ellos, as\u00ed como obtener informaci\u00f3n con fines estad\u00edsticos. En el caso de aquellos usuarios que ya son clientes de Barcelona tours&amp; events. S.L , la informaci\u00f3n recabada con las cookies servir\u00e1 tambi\u00e9n para identificarlos cuando accedan a las diferentes herramientas que se ponen a su disposici\u00f3n para la gesti\u00f3n de los servicios.<\/p>\n<p>La presente Pol\u00edtica de Cookies ser\u00e1 de aplicaci\u00f3n a aquellos usuarios que voluntariamente visiten las p\u00e1ginas web de Barcelona Tours &amp; Events. S.L , rellenan formularios de recogida de datos, acceden a las herramientas que Barcelona Tours &amp; Events. S.L pone a disposici\u00f3n de sus clientes para la gesti\u00f3n de sus servicios, o utilicen cualquier otro servicio presente en la web que implique la comunicaci\u00f3n de datos a Barcelona Tours &amp; Events. S.L , o el acceso a los datos por parte de Barcelona Tours &amp; Events. S.L para la prestaci\u00f3n de sus servicios.<\/p>\n<p>Barcelona Tours &amp; Events. S.L informa a los usuarios de sus p\u00e1ginas web de la existencia de cookies y pone a su disposici\u00f3n la presente Pol\u00edtica con el fin de informarles sobre el uso y la finalidad de las mismas. El hecho de continuar la navegaci\u00f3n por sus p\u00e1ginas, supone el conocimiento y la aceptaci\u00f3n de la presente Pol\u00edtica por parte de dichos usuarios.<\/p>\n<p>Barcelona Tours &amp; Events. S.L. utiliza los siguientes tipos de cookies: Clasificadas seg\u00fan su titularidad:<\/p>\n<p>*Cookies propias: enviadas y gestionadas directamente por BARCELONA TOURS &amp; EVENTS. S.L .<\/p>\n<p>*Cookies de terceros: enviadas y gestionadas por un tercero ajeno a BARCELONA TOURS &amp; EVENTS. S.L , de forma an\u00f3nima, con la finalidad de realizar estudios estad\u00edsticos sobre la navegaci\u00f3n en las p\u00e1ginas web de BARCELONA TOURS &amp; EVENTS. S.L .<\/p>\n<p>Clasificadas seg\u00fan su finalidad:<\/p>\n<p>*Cookies t\u00e9cnicas y\/o de personalizaci\u00f3n: facilitan la navegaci\u00f3n identificando la sesi\u00f3n, permitiendo el acceso a herramientas de acceso restringido, as\u00ed como la configuraci\u00f3n de las opciones disponibles. Hacen posible la prestaci\u00f3n del servicio previamente solicitado por el usuario.<\/p>\n<p>*Cookies de an\u00e1lisis y\/o publicitarias: permiten conocer el n\u00famero de visitas recibidas en las diferentes secciones de las p\u00e1ginas web, los h\u00e1bitos y tendencias de sus usuarios y, en consecuencia, mejorar la navegaci\u00f3n y el servicio ofrecido por BARCELONA TOURS &amp; EVENTS. S.L (b\u00e1sicamente, Google Analytics*), as\u00ed como para gestionar los espacios publicitarios incluidos en la p\u00e1gina web visitada por el usuario. Recoge los datos de forma an\u00f3nima con el fin de obtener perfiles de navegaci\u00f3n de los usuarios.<\/p>\n<p>Clasificadas seg\u00fan su duraci\u00f3n:<\/p>\n<p>*Cookies de sesi\u00f3n: recogen y almacenan datos mientras el usuario accede a la web.<\/p>\n<p>*Cookies persistentes: recogen y almacenan datos en el terminal del usuario durante un periodo de tiempo variable en funci\u00f3n de la finalidad para la que se hayan utilizado.<\/p>\n<p>El tiempo de conservaci\u00f3n de las cookies depender\u00e1 del tipo del que se trate y siempre ser\u00e1 el m\u00ednimo imprescindible para cumplir su finalidad.<\/p>\n<p>En la tabla se detallan las cookies utilizadas en nuestra web:<\/p>\n<p>Proveedor &#8211; Nombre &#8211; Tipo &#8211; Caducidad<\/p>\n<p>Google &#8211; Analytics &#8211; HTTP &#8211; 2 a\u00f1os<\/p>\n<p>Google &#8211; Analytics &#8211; HTTP &#8211; 1 d\u00eda<\/p>\n<p>Google &#8211; Analytics &#8211; HTTP &#8211; 1 minuto<\/p>\n<p>En cualquier caso, el usuario puede configurar su navegador para desactivar o bloquear la recepci\u00f3n de todas o algunas de las cookies. El hecho de no querer recibir estas cookies no constituye un impedimento para poder acceder a la informaci\u00f3n de los sitios web de BARCELONA TOURS &amp; EVENTS. aunque el uso de algunos servicios puede verse limitado. Si una vez otorgado el consentimiento para la recepci\u00f3n de cookies, se desea retirarlo, se habr\u00e1n eliminado aquellas cookies almacenadas en el ordenador del usuario, a trav\u00e9s de las opciones de los diferentes navegadores.<\/p>\n<p>La forma de configurar los distintos navegadores para ejercer las acciones indicadas en los p\u00e1rrafos anteriores, puede consultarse a:<\/p>\n<p>Explorer:\u00a0<a href=\"https:\/\/support.microsoft.com\/es-es\/help\/17479\/windows-internet-explorer-11-change-security-privacy-settings\">https:\/\/support.microsoft.com\/es-es\/help\/17479\/windows-internet-explorer-11-<\/a>\u00a0<a href=\"https:\/\/support.microsoft.com\/es-es\/help\/17479\/windows-internet-explorer-11-change-security-privacy-settings\">change-security-privacy-settings<\/a><\/p>\n<p>Chrome:\u00a0<a href=\"https:\/\/support.google.com\/chrome\/answer\/95647?hl=es\">https:\/\/support.google.com\/chrome\/answer\/95647?hl=es<\/a><\/p>\n<p>Firefox:\u00a0<a href=\"http:\/\/support.mozilla.org\/es\/kb\/cookies-informacion-que-los-sitios-web-guardan-en-?redirectlocale=en-US&amp;amp;redirectslug=Cookies\">http:\/\/support.mozilla.org\/es\/kb\/cookies-informacion-que-los-sitios-web-<\/a>\u00a0<a href=\"http:\/\/support.mozilla.org\/es\/kb\/cookies-informacion-que-los-sitios-web-guardan-en-?redirectlocale=en-US&amp;amp;redirectslug=Cookies\">guardan-en-?redirectlocale=en-US&amp;redirectslug=Cookies<\/a><\/p>\n<p>Safari:\u00a0<a href=\"https:\/\/support.apple.com\/kb\/ph21411?locale=es_ES\">https:\/\/support.apple.com\/kb\/ph21411?locale=es_ES<\/a><\/p>\n","protected":false},"excerpt":{"rendered":"<p>La empresa &#8211; Agencia de viajes Barcelona Tours &amp; Events. S.L , con CIF: B55108518 , Av Pau Casals, 38, 2\u00ba, 5\u00aa. 08389. Palafolls, Espa\u00f1a. A continuaci\u00f3n expone su pol\u00edtica de recogida y tratamiento de cookies, en cumplimiento del art\u00edculo 22.2 de la Ley 34\/2002, de 11 de julio, de Servicios de la Sociedad de [&hellip;]<\/p>\n","protected":false},"author":2,"featured_media":0,"parent":0,"menu_order":0,"comment_status":"closed","ping_status":"closed","template":"","meta":{"_joinchat":[],"footnotes":""},"class_list":["post-9705","page","type-page","status-publish","hentry"],"yoast_head":"<!-- This site is optimized with the Yoast SEO plugin v27.3 - https:\/\/yoast.com\/product\/yoast-seo-wordpress\/ -->\n<title>Pol\u00edtica de cookies - BEST BARCELONA PRIVATE TOURS AND EVENTS DESIGNER<\/title>\n<meta name=\"robots\" content=\"noindex, nofollow\" \/>\n<meta property=\"og:locale\" content=\"es_ES\" \/>\n<meta property=\"og:type\" content=\"article\" \/>\n<meta property=\"og:title\" content=\"Pol\u00edtica de cookies - BEST BARCELONA PRIVATE TOURS AND EVENTS DESIGNER\" \/>\n<meta property=\"og:description\" content=\"La empresa &#8211; Agencia de viajes Barcelona Tours &amp; Events. S.L , con CIF: B55108518 , Av Pau Casals, 38, 2\u00ba, 5\u00aa. 08389. Palafolls, Espa\u00f1a. A continuaci\u00f3n expone su pol\u00edtica de recogida y tratamiento de cookies, en cumplimiento del art\u00edculo 22.2 de la Ley 34\/2002, de 11 de julio, de Servicios de la Sociedad de [&hellip;]\" \/>\n<meta property=\"og:url\" content=\"https:\/\/barcelonaviptour.com\/es\/politica-de-cookies\/\" \/>\n<meta property=\"og:site_name\" content=\"BEST BARCELONA PRIVATE TOURS AND EVENTS DESIGNER\" \/>\n<meta property=\"article:publisher\" content=\"https:\/\/www.facebook.com\/barcelonaviptour\/\" \/>\n<meta property=\"article:modified_time\" content=\"2021-11-02T09:29:13+00:00\" \/>\n<meta property=\"og:image\" content=\"https:\/\/barcelonaviptour.com\/wp-content\/uploads\/2022\/05\/logo-web-barcelonaviptour-420.png\" \/>\n\t<meta property=\"og:image:width\" content=\"420\" \/>\n\t<meta property=\"og:image:height\" content=\"276\" \/>\n\t<meta property=\"og:image:type\" content=\"image\/png\" \/>\n<meta name=\"twitter:card\" content=\"summary_large_image\" \/>\n<meta name=\"twitter:site\" content=\"@BcnVIPtour\" \/>\n<meta name=\"twitter:label1\" content=\"Tiempo de lectura\" \/>\n\t<meta name=\"twitter:data1\" content=\"4 minutos\" \/>\n<script type=\"application\/ld+json\" class=\"yoast-schema-graph\">{\"@context\":\"https:\\\/\\\/schema.org\",\"@graph\":[{\"@type\":\"WebPage\",\"@id\":\"https:\\\/\\\/barcelonaviptour.com\\\/es\\\/politica-de-cookies\\\/\",\"url\":\"https:\\\/\\\/barcelonaviptour.com\\\/es\\\/politica-de-cookies\\\/\",\"name\":\"Pol\u00edtica de cookies - BEST BARCELONA PRIVATE TOURS AND EVENTS DESIGNER\",\"isPartOf\":{\"@id\":\"https:\\\/\\\/barcelonaviptour.com\\\/es\\\/#website\"},\"datePublished\":\"2021-04-16T10:52:18+00:00\",\"dateModified\":\"2021-11-02T09:29:13+00:00\",\"breadcrumb\":{\"@id\":\"https:\\\/\\\/barcelonaviptour.com\\\/es\\\/politica-de-cookies\\\/#breadcrumb\"},\"inLanguage\":\"es\",\"potentialAction\":[{\"@type\":\"ReadAction\",\"target\":[\"https:\\\/\\\/barcelonaviptour.com\\\/es\\\/politica-de-cookies\\\/\"]}]},{\"@type\":\"BreadcrumbList\",\"@id\":\"https:\\\/\\\/barcelonaviptour.com\\\/es\\\/politica-de-cookies\\\/#breadcrumb\",\"itemListElement\":[{\"@type\":\"ListItem\",\"position\":1,\"name\":\"Portada\",\"item\":\"https:\\\/\\\/barcelonaviptour.com\\\/es\\\/\"},{\"@type\":\"ListItem\",\"position\":2,\"name\":\"Pol\u00edtica de cookies\"}]},{\"@type\":\"WebSite\",\"@id\":\"https:\\\/\\\/barcelonaviptour.com\\\/es\\\/#website\",\"url\":\"https:\\\/\\\/barcelonaviptour.com\\\/es\\\/\",\"name\":\"Best Barcelona Private tours and event designer\",\"description\":\"We are Private Tours specialist in Barcelona, we don&#039;t sell tours, we offer emotions!!\",\"publisher\":{\"@id\":\"https:\\\/\\\/barcelonaviptour.com\\\/es\\\/#organization\"},\"alternateName\":\"Private Barcelona tours and events\",\"potentialAction\":[{\"@type\":\"SearchAction\",\"target\":{\"@type\":\"EntryPoint\",\"urlTemplate\":\"https:\\\/\\\/barcelonaviptour.com\\\/es\\\/?s={search_term_string}\"},\"query-input\":{\"@type\":\"PropertyValueSpecification\",\"valueRequired\":true,\"valueName\":\"search_term_string\"}}],\"inLanguage\":\"es\"},{\"@type\":\"Organization\",\"@id\":\"https:\\\/\\\/barcelonaviptour.com\\\/es\\\/#organization\",\"name\":\"Barcelona Vip Tour\",\"alternateName\":\"BCN Vip Tours\",\"url\":\"https:\\\/\\\/barcelonaviptour.com\\\/es\\\/\",\"logo\":{\"@type\":\"ImageObject\",\"inLanguage\":\"es\",\"@id\":\"https:\\\/\\\/barcelonaviptour.com\\\/es\\\/#\\\/schema\\\/logo\\\/image\\\/\",\"url\":\"https:\\\/\\\/barcelonaviptour.com\\\/wp-content\\\/uploads\\\/2022\\\/05\\\/logo-web-barcelonaviptour-420.png\",\"contentUrl\":\"https:\\\/\\\/barcelonaviptour.com\\\/wp-content\\\/uploads\\\/2022\\\/05\\\/logo-web-barcelonaviptour-420.png\",\"width\":420,\"height\":276,\"caption\":\"Barcelona Vip Tour\"},\"image\":{\"@id\":\"https:\\\/\\\/barcelonaviptour.com\\\/es\\\/#\\\/schema\\\/logo\\\/image\\\/\"},\"sameAs\":[\"https:\\\/\\\/www.facebook.com\\\/barcelonaviptour\\\/\",\"https:\\\/\\\/x.com\\\/BcnVIPtour\",\"https:\\\/\\\/www.instagram.com\\\/barcelonaviptour\\\/\",\"https:\\\/\\\/www.youtube.com\\\/channel\\\/UCiKTLk7pGHWUm1BAPxuhPSw\"]}]}<\/script>\n<!-- \/ Yoast SEO plugin. -->","yoast_head_json":{"title":"Pol\u00edtica de cookies - BEST BARCELONA PRIVATE TOURS AND EVENTS DESIGNER","robots":{"index":"noindex","follow":"nofollow"},"og_locale":"es_ES","og_type":"article","og_title":"Pol\u00edtica de cookies - BEST BARCELONA PRIVATE TOURS AND EVENTS DESIGNER","og_description":"La empresa &#8211; Agencia de viajes Barcelona Tours &amp; Events. S.L , con CIF: B55108518 , Av Pau Casals, 38, 2\u00ba, 5\u00aa. 08389. Palafolls, Espa\u00f1a. A continuaci\u00f3n expone su pol\u00edtica de recogida y tratamiento de cookies, en cumplimiento del art\u00edculo 22.2 de la Ley 34\/2002, de 11 de julio, de Servicios de la Sociedad de [&hellip;]","og_url":"https:\/\/barcelonaviptour.com\/es\/politica-de-cookies\/","og_site_name":"BEST BARCELONA PRIVATE TOURS AND EVENTS DESIGNER","article_publisher":"https:\/\/www.facebook.com\/barcelonaviptour\/","article_modified_time":"2021-11-02T09:29:13+00:00","og_image":[{"width":420,"height":276,"url":"https:\/\/barcelonaviptour.com\/wp-content\/uploads\/2022\/05\/logo-web-barcelonaviptour-420.png","type":"image\/png"}],"twitter_card":"summary_large_image","twitter_site":"@BcnVIPtour","twitter_misc":{"Tiempo de lectura":"4 minutos"},"schema":{"@context":"https:\/\/schema.org","@graph":[{"@type":"WebPage","@id":"https:\/\/barcelonaviptour.com\/es\/politica-de-cookies\/","url":"https:\/\/barcelonaviptour.com\/es\/politica-de-cookies\/","name":"Pol\u00edtica de cookies - BEST BARCELONA PRIVATE TOURS AND EVENTS DESIGNER","isPartOf":{"@id":"https:\/\/barcelonaviptour.com\/es\/#website"},"datePublished":"2021-04-16T10:52:18+00:00","dateModified":"2021-11-02T09:29:13+00:00","breadcrumb":{"@id":"https:\/\/barcelonaviptour.com\/es\/politica-de-cookies\/#breadcrumb"},"inLanguage":"es","potentialAction":[{"@type":"ReadAction","target":["https:\/\/barcelonaviptour.com\/es\/politica-de-cookies\/"]}]},{"@type":"BreadcrumbList","@id":"https:\/\/barcelonaviptour.com\/es\/politica-de-cookies\/#breadcrumb","itemListElement":[{"@type":"ListItem","position":1,"name":"Portada","item":"https:\/\/barcelonaviptour.com\/es\/"},{"@type":"ListItem","position":2,"name":"Pol\u00edtica de cookies"}]},{"@type":"WebSite","@id":"https:\/\/barcelonaviptour.com\/es\/#website","url":"https:\/\/barcelonaviptour.com\/es\/","name":"Best Barcelona Private tours and event designer","description":"We are Private Tours specialist in Barcelona, we don&#039;t sell tours, we offer emotions!!","publisher":{"@id":"https:\/\/barcelonaviptour.com\/es\/#organization"},"alternateName":"Private Barcelona tours and events","potentialAction":[{"@type":"SearchAction","target":{"@type":"EntryPoint","urlTemplate":"https:\/\/barcelonaviptour.com\/es\/?s={search_term_string}"},"query-input":{"@type":"PropertyValueSpecification","valueRequired":true,"valueName":"search_term_string"}}],"inLanguage":"es"},{"@type":"Organization","@id":"https:\/\/barcelonaviptour.com\/es\/#organization","name":"Barcelona Vip Tour","alternateName":"BCN Vip Tours","url":"https:\/\/barcelonaviptour.com\/es\/","logo":{"@type":"ImageObject","inLanguage":"es","@id":"https:\/\/barcelonaviptour.com\/es\/#\/schema\/logo\/image\/","url":"https:\/\/barcelonaviptour.com\/wp-content\/uploads\/2022\/05\/logo-web-barcelonaviptour-420.png","contentUrl":"https:\/\/barcelonaviptour.com\/wp-content\/uploads\/2022\/05\/logo-web-barcelonaviptour-420.png","width":420,"height":276,"caption":"Barcelona Vip Tour"},"image":{"@id":"https:\/\/barcelonaviptour.com\/es\/#\/schema\/logo\/image\/"},"sameAs":["https:\/\/www.facebook.com\/barcelonaviptour\/","https:\/\/x.com\/BcnVIPtour","https:\/\/www.instagram.com\/barcelonaviptour\/","https:\/\/www.youtube.com\/channel\/UCiKTLk7pGHWUm1BAPxuhPSw"]}]}},"_links":{"self":[{"href":"https:\/\/barcelonaviptour.com\/es\/wp-json\/wp\/v2\/pages\/9705","targetHints":{"allow":["GET"]}}],"collection":[{"href":"https:\/\/barcelonaviptour.com\/es\/wp-json\/wp\/v2\/pages"}],"about":[{"href":"https:\/\/barcelonaviptour.com\/es\/wp-json\/wp\/v2\/types\/page"}],"author":[{"embeddable":true,"href":"https:\/\/barcelonaviptour.com\/es\/wp-json\/wp\/v2\/users\/2"}],"replies":[{"embeddable":true,"href":"https:\/\/barcelonaviptour.com\/es\/wp-json\/wp\/v2\/comments?post=9705"}],"version-history":[{"count":0,"href":"https:\/\/barcelonaviptour.com\/es\/wp-json\/wp\/v2\/pages\/9705\/revisions"}],"wp:attachment":[{"href":"https:\/\/barcelonaviptour.com\/es\/wp-json\/wp\/v2\/media?parent=9705"}],"curies":[{"name":"wp","href":"https:\/\/api.w.org\/{rel}","templated":true}]}}