{"id":8905,"date":"2021-05-26T15:04:13","date_gmt":"2021-05-26T13:04:13","guid":{"rendered":"https:\/\/newvbtg.msalaskreacion.es\/terminos-y-condiciones\/"},"modified":"2021-10-26T11:11:57","modified_gmt":"2021-10-26T09:11:57","slug":"terminos-y-condiciones","status":"publish","type":"page","link":"https:\/\/barcelonaviptour.com\/es\/terminos-y-condiciones\/","title":{"rendered":"T\u00c9RMINOS Y CONDICIONES"},"content":{"rendered":"\n<p>Antes de reservar un viaje con Barcelona Vip Tour, por favor t\u00f3mese el tiempo de leer y entender las Condiciones de Reserva.<\/p>\n\n<h2 class=\"has-text-align-left wp-block-heading\">Condiciones de Reserva<\/h2>\n\n<h3 class=\"wp-block-heading\">RESERVAS:<\/h3>\n\n<p>Al reservar un viaje con Barcelona Vip Tour (referido en estas condiciones como \u00abnosotros\u00bb), usted estar\u00e1 aceptando estas condiciones en su nombre y en el de todas las dem\u00e1s personas que utilicen nuestros servicios en virtud de una reserva realizada por usted.<\/p>\n\n<p>Su reserva ser\u00e1 aceptada por nosotros sobre esta base. Los servicios que se prestar\u00e1n son los mencionados en su factura de confirmaci\u00f3n de la reserva.<\/p>\n\n<h3 class=\"wp-block-heading\">CONFIRMACI\u00d3N DE  RESERVA:<\/h3>\n\n<p>El bono o documento de viaje emitido y sellado por la agencia de viajes ser\u00e1 la prueba de la reserva.<\/p>\n\n<h3 class=\"wp-block-heading\">PRECIO:<\/h3>\n\n<p>*El precio a pagar ser\u00e1 el especificado en el formulario de reserva.<\/p>\n\n<p>*El precio incluye exactamente los servicios contratados<\/p>\n\n<p>*El precio no incluye, salvo que se indique expresamente lo contrario, viaje en Taxi, Comidas y Bebidas, Transporte P\u00fablico, que deber\u00e1n ser abonados por el hu\u00e9sped.<\/p>\n\n<h3 class=\"wp-block-heading\">SEGUROS: <\/h3>\n\n<p>*No proporcionamos ning\u00fan tipo de seguro. Es su total responsabilidad obtener un seguro de viaje apropiado. Le recomendamos encarecidamente que tenga un seguro de viaje en caso de enfermedad, cancelaci\u00f3n, p\u00e9rdida de equipaje, retrasos y otros<\/p>\n\n<p>*Barcelona Vip Tour y sus gu\u00edas tur\u00edsticos aut\u00f3nomos no aceptan la responsabilidad por cualquier lesi\u00f3n, p\u00e9rdida, robo, da\u00f1o o imprevisto que pueda ocurrir durante los tours.<\/p>\n\n<h3 class=\"wp-block-heading\">DEP\u00d3SITO Y PAGOS FINALES:<\/h3>\n\n<p>Despu\u00e9s de que confirmemos la disponibilidad y aceptemos su reserva, levantaremos un itinerario detallado y una factura con los detalles de pago, se requiere que pague un dep\u00f3sito del 50% del total de la factura del tour para que su reserva sea confirmada y el 50% restante debe ser pagado 21 d\u00edas antes de la fecha del tour. Si su reserva se realiza dentro de los 21 d\u00edas anteriores a la fecha de salida, el importe total deber\u00e1 abonarse en el momento de la reserva. Aceptamos pagos mediante tarjeta de cr\u00e9dito y transferencia bancaria.<\/p>\n\n<h3 class=\"wp-block-heading\">POL\u00cdTICA DE CANCELACI\u00d3N:   <\/h3>\n\n<p>Cualquier cancelaci\u00f3n debe ser iniciada por correo electr\u00f3nico poni\u00e9ndose en contacto con nosotros en info@barcelonaviptour.com, y tambi\u00e9n ser\u00e1 reconocida por BARCELONA VIP TOUR por correo electr\u00f3nico. Las cancelaciones de \u00faltima hora tambi\u00e9n pueden ser notificadas por correo electr\u00f3nico o por nuestro n\u00famero de whatsapp +34 639519487. Las notificaciones de cancelaci\u00f3n por tel\u00e9fono no ser\u00e1n aceptadas, ya que podr\u00edamos estar obligados legalmente a proporcionar una prueba escrita de que la notificaci\u00f3n ha sido recibida. Las notificaciones de cancelaci\u00f3n enviadas a los tel\u00e9fonos personales de nuestros gu\u00edas v\u00eda SMS o Whatsapp no ser\u00e1n aceptadas ya que no tienen acceso a los sistemas de nuestra empresa.<\/p>\n\n<h4 class=\"wp-block-heading\">Excursiones privadas; cancelaci\u00f3n por parte del cliente:<\/h4>\n\n<p>*Reembolso total (100%) para los tours cancelados con m\u00e1s de 48 horas de antelaci\u00f3n a la hora de inicio programada, excepto las entradas.<\/p>\n\n<p>*No se devolver\u00e1 el importe de las visitas canceladas con menos de 48 horas de antelaci\u00f3n o si no se presenta. <\/p>\n\n<p>*No se presenta. Si el cliente no se presenta o no se pone en contacto con nosotros a trav\u00e9s del tel\u00e9fono del gu\u00eda tur\u00edstico facilitado en el formulario de reserva en los 30 minutos posteriores a la hora de inicio de la visita reservada, se considerar\u00e1 que no se ha presentado y no se efectuar\u00e1 ning\u00fan reembolso. Los clientes que reserven un tour con recogida en el aeropuerto deben ponerse en contacto con nosotros lo antes posible si su avi\u00f3n se retrasa o se cancela. <\/p>\n\n<p>*\u00bfQu\u00e9 ocurre si uno o varios miembros de su grupo tienen que cancelar la excursi\u00f3n pero el resto quiere seguir haci\u00e9ndola? No podremos reembolsar la parte proporcional a la persona o personas que no asistan al tour, ya que el servicio seguir\u00e1 en pie porque nuestras tarifas son por tour, no \u00abpor persona\u00bb No se aplicar\u00e1 ning\u00fan reembolso cuando el servicio ya se haya prestado total o parcialmente.<\/p>\n\n<h4 class=\"wp-block-heading\">Grupos Incentivos\/Eventos Corporativos; Cancelaci\u00f3n por parte del cliente:<\/h4>\n\n<p>*Reembolso completo para eventos cancelados con m\u00e1s de 21 d\u00edas de antelaci\u00f3n a la hora de inicio programada, excepto los gastos de alojamiento, entradas y tickets que no son reembolsables.<\/p>\n\n<p>*No hay reembolso para los eventos cancelados dentro de los 21 d\u00edas anteriores a la hora de inicio programada del evento.<\/p>\n\n<h4 class=\"wp-block-heading\">POL\u00cdTICA DE CANCELACI\u00d3N DE LAS ENTRADAS A LAS ATRACCIONES:<\/h4>\n\n<p>Las entradas no son reembolsables (sobre todo porque la compra de entradas es definitiva y los sitios no ofrecen reembolsos). Barcelona Vip Tour las retendr\u00e1 para utilizarlas en caso de cancelaci\u00f3n. <\/p>\n\n<h4 class=\"wp-block-heading\">CANCELACI\u00d3N POR PARTE DE Barcelona Vip Tour: <\/h4>\n\n<p>Debido a circunstancias imprevistas, nos reservamos el derecho de cancelar su tour. Si tal evento ocurriera, le devolveremos cualquier suma que ya nos haya pagado, incluyendo el dep\u00f3sito, pero no estamos obligados a pagar ninguna compensaci\u00f3n adicional a usted. Las circunstancias imprevistas incluyen, entre otras, las cat\u00e1strofes naturales o nucleares, la guerra o la amenaza de guerra, los disturbios, los terroristas, los incendios, las condiciones meteorol\u00f3gicas adversas, las pandemias y otras<\/p>\n\n<h4 class=\"wp-block-heading\">Condiciones meteorol\u00f3gicas:<\/h4>\n\n<p>Nuestros viajes se realizan en todo tipo de condiciones meteorol\u00f3gicas. La lluvia u otras condiciones meteorol\u00f3gicas no son motivo suficiente para cancelar un tour. En caso de lluvia intensa, le rogamos que traiga ropa de lluvia adecuada.<\/p>\n\n<h3 class=\"wp-block-heading\">CAMBIOS EN SU RESERVA:<\/h3>\n\n<p>Haremos todos los arreglos posibles para su reserva sin cargos adicionales. Si necesita realizar alg\u00fan cambio, p\u00f3ngase en contacto con nosotros lo antes posible y conf\u00edrmenos su petici\u00f3n por escrito. Una vez m\u00e1s, intentaremos acomodarnos para que no haya cargos adicionales, pero no podemos garantizarlo. Si no es posible realizar cambios en su reserva por el motivo que sea, tiene la opci\u00f3n de seguir adelante con los preparativos reservados originalmente, o bien cancelar y pagar los gastos de cancelaci\u00f3n (si los hubiera) que se indican a continuaci\u00f3n.<\/p>\n\n<h3 class=\"wp-block-heading\">PRIVACIDAD Y CONFIDENCIALIDAD:<\/h3>\n\n<p>Asumimos toda la responsabilidad de asegurarnos de que se toman las medidas de seguridad adecuadas para proteger la informaci\u00f3n privada y confidencial que nos ha proporcionado durante la reserva. La informaci\u00f3n recopilada se utilizar\u00e1 para realizar las reservas con los hoteles y con cualquier otro proveedor externo que sea necesario para completar los preparativos de su viaje. Compartiremos su informaci\u00f3n diet\u00e9tica, m\u00e9dica o sobre cualquier discapacidad con los proveedores asociados necesarios para garantizar un viaje seguro y agradable para usted. Al reservar con nosotros, usted acepta que esta informaci\u00f3n se transmita a todas las personas pertinentes<\/p>\n","protected":false},"excerpt":{"rendered":"<p>Antes de reservar un viaje con Barcelona Vip Tour, por favor t\u00f3mese el tiempo de leer y entender las Condiciones de Reserva. Condiciones de Reserva RESERVAS: Al reservar un viaje con Barcelona Vip Tour (referido en estas condiciones como \u00abnosotros\u00bb), usted estar\u00e1 aceptando estas condiciones en su nombre y en el de todas las dem\u00e1s [&hellip;]<\/p>\n","protected":false},"author":2,"featured_media":0,"parent":0,"menu_order":0,"comment_status":"closed","ping_status":"closed","template":"","meta":{"_joinchat":[],"footnotes":""},"class_list":["post-8905","page","type-page","status-publish","hentry"],"yoast_head":"<!-- This site is optimized with the Yoast SEO plugin v27.3 - https:\/\/yoast.com\/product\/yoast-seo-wordpress\/ -->\n<title>T\u00c9RMINOS Y CONDICIONES - BEST BARCELONA PRIVATE TOURS AND EVENTS DESIGNER<\/title>\n<meta name=\"robots\" content=\"noindex, nofollow\" \/>\n<meta property=\"og:locale\" content=\"es_ES\" \/>\n<meta property=\"og:type\" content=\"article\" \/>\n<meta property=\"og:title\" content=\"T\u00c9RMINOS Y CONDICIONES - BEST BARCELONA PRIVATE TOURS AND EVENTS DESIGNER\" \/>\n<meta property=\"og:description\" content=\"Antes de reservar un viaje con Barcelona Vip Tour, por favor t\u00f3mese el tiempo de leer y entender las Condiciones de Reserva. Condiciones de Reserva RESERVAS: Al reservar un viaje con Barcelona Vip Tour (referido en estas condiciones como \u00abnosotros\u00bb), usted estar\u00e1 aceptando estas condiciones en su nombre y en el de todas las dem\u00e1s [&hellip;]\" \/>\n<meta property=\"og:url\" content=\"https:\/\/barcelonaviptour.com\/es\/terminos-y-condiciones\/\" \/>\n<meta property=\"og:site_name\" content=\"BEST BARCELONA PRIVATE TOURS AND EVENTS DESIGNER\" \/>\n<meta property=\"article:publisher\" content=\"https:\/\/www.facebook.com\/barcelonaviptour\/\" \/>\n<meta property=\"article:modified_time\" content=\"2021-10-26T09:11:57+00:00\" \/>\n<meta property=\"og:image\" content=\"https:\/\/barcelonaviptour.com\/wp-content\/uploads\/2022\/05\/logo-web-barcelonaviptour-420.png\" \/>\n\t<meta property=\"og:image:width\" content=\"420\" \/>\n\t<meta property=\"og:image:height\" content=\"276\" \/>\n\t<meta property=\"og:image:type\" content=\"image\/png\" \/>\n<meta name=\"twitter:card\" content=\"summary_large_image\" \/>\n<meta name=\"twitter:site\" content=\"@BcnVIPtour\" \/>\n<meta name=\"twitter:label1\" content=\"Tiempo de lectura\" \/>\n\t<meta name=\"twitter:data1\" content=\"6 minutos\" \/>\n<script type=\"application\/ld+json\" class=\"yoast-schema-graph\">{\"@context\":\"https:\\\/\\\/schema.org\",\"@graph\":[{\"@type\":\"WebPage\",\"@id\":\"https:\\\/\\\/barcelonaviptour.com\\\/es\\\/terminos-y-condiciones\\\/\",\"url\":\"https:\\\/\\\/barcelonaviptour.com\\\/es\\\/terminos-y-condiciones\\\/\",\"name\":\"T\u00c9RMINOS Y CONDICIONES - BEST BARCELONA PRIVATE TOURS AND EVENTS DESIGNER\",\"isPartOf\":{\"@id\":\"https:\\\/\\\/barcelonaviptour.com\\\/es\\\/#website\"},\"datePublished\":\"2021-05-26T13:04:13+00:00\",\"dateModified\":\"2021-10-26T09:11:57+00:00\",\"breadcrumb\":{\"@id\":\"https:\\\/\\\/barcelonaviptour.com\\\/es\\\/terminos-y-condiciones\\\/#breadcrumb\"},\"inLanguage\":\"es\",\"potentialAction\":[{\"@type\":\"ReadAction\",\"target\":[\"https:\\\/\\\/barcelonaviptour.com\\\/es\\\/terminos-y-condiciones\\\/\"]}]},{\"@type\":\"BreadcrumbList\",\"@id\":\"https:\\\/\\\/barcelonaviptour.com\\\/es\\\/terminos-y-condiciones\\\/#breadcrumb\",\"itemListElement\":[{\"@type\":\"ListItem\",\"position\":1,\"name\":\"Portada\",\"item\":\"https:\\\/\\\/barcelonaviptour.com\\\/es\\\/\"},{\"@type\":\"ListItem\",\"position\":2,\"name\":\"T\u00c9RMINOS Y CONDICIONES\"}]},{\"@type\":\"WebSite\",\"@id\":\"https:\\\/\\\/barcelonaviptour.com\\\/es\\\/#website\",\"url\":\"https:\\\/\\\/barcelonaviptour.com\\\/es\\\/\",\"name\":\"Best Barcelona Private tours and event designer\",\"description\":\"We are Private Tours specialist in Barcelona, we don&#039;t sell tours, we offer emotions!!\",\"publisher\":{\"@id\":\"https:\\\/\\\/barcelonaviptour.com\\\/es\\\/#organization\"},\"alternateName\":\"Private Barcelona tours and events\",\"potentialAction\":[{\"@type\":\"SearchAction\",\"target\":{\"@type\":\"EntryPoint\",\"urlTemplate\":\"https:\\\/\\\/barcelonaviptour.com\\\/es\\\/?s={search_term_string}\"},\"query-input\":{\"@type\":\"PropertyValueSpecification\",\"valueRequired\":true,\"valueName\":\"search_term_string\"}}],\"inLanguage\":\"es\"},{\"@type\":\"Organization\",\"@id\":\"https:\\\/\\\/barcelonaviptour.com\\\/es\\\/#organization\",\"name\":\"Barcelona Vip Tour\",\"alternateName\":\"BCN Vip Tours\",\"url\":\"https:\\\/\\\/barcelonaviptour.com\\\/es\\\/\",\"logo\":{\"@type\":\"ImageObject\",\"inLanguage\":\"es\",\"@id\":\"https:\\\/\\\/barcelonaviptour.com\\\/es\\\/#\\\/schema\\\/logo\\\/image\\\/\",\"url\":\"https:\\\/\\\/barcelonaviptour.com\\\/wp-content\\\/uploads\\\/2022\\\/05\\\/logo-web-barcelonaviptour-420.png\",\"contentUrl\":\"https:\\\/\\\/barcelonaviptour.com\\\/wp-content\\\/uploads\\\/2022\\\/05\\\/logo-web-barcelonaviptour-420.png\",\"width\":420,\"height\":276,\"caption\":\"Barcelona Vip Tour\"},\"image\":{\"@id\":\"https:\\\/\\\/barcelonaviptour.com\\\/es\\\/#\\\/schema\\\/logo\\\/image\\\/\"},\"sameAs\":[\"https:\\\/\\\/www.facebook.com\\\/barcelonaviptour\\\/\",\"https:\\\/\\\/x.com\\\/BcnVIPtour\",\"https:\\\/\\\/www.instagram.com\\\/barcelonaviptour\\\/\",\"https:\\\/\\\/www.youtube.com\\\/channel\\\/UCiKTLk7pGHWUm1BAPxuhPSw\"]}]}<\/script>\n<!-- \/ Yoast SEO plugin. -->","yoast_head_json":{"title":"T\u00c9RMINOS Y CONDICIONES - BEST BARCELONA PRIVATE TOURS AND EVENTS DESIGNER","robots":{"index":"noindex","follow":"nofollow"},"og_locale":"es_ES","og_type":"article","og_title":"T\u00c9RMINOS Y CONDICIONES - BEST BARCELONA PRIVATE TOURS AND EVENTS DESIGNER","og_description":"Antes de reservar un viaje con Barcelona Vip Tour, por favor t\u00f3mese el tiempo de leer y entender las Condiciones de Reserva. Condiciones de Reserva RESERVAS: Al reservar un viaje con Barcelona Vip Tour (referido en estas condiciones como \u00abnosotros\u00bb), usted estar\u00e1 aceptando estas condiciones en su nombre y en el de todas las dem\u00e1s [&hellip;]","og_url":"https:\/\/barcelonaviptour.com\/es\/terminos-y-condiciones\/","og_site_name":"BEST BARCELONA PRIVATE TOURS AND EVENTS DESIGNER","article_publisher":"https:\/\/www.facebook.com\/barcelonaviptour\/","article_modified_time":"2021-10-26T09:11:57+00:00","og_image":[{"width":420,"height":276,"url":"https:\/\/barcelonaviptour.com\/wp-content\/uploads\/2022\/05\/logo-web-barcelonaviptour-420.png","type":"image\/png"}],"twitter_card":"summary_large_image","twitter_site":"@BcnVIPtour","twitter_misc":{"Tiempo de lectura":"6 minutos"},"schema":{"@context":"https:\/\/schema.org","@graph":[{"@type":"WebPage","@id":"https:\/\/barcelonaviptour.com\/es\/terminos-y-condiciones\/","url":"https:\/\/barcelonaviptour.com\/es\/terminos-y-condiciones\/","name":"T\u00c9RMINOS Y CONDICIONES - BEST BARCELONA PRIVATE TOURS AND EVENTS DESIGNER","isPartOf":{"@id":"https:\/\/barcelonaviptour.com\/es\/#website"},"datePublished":"2021-05-26T13:04:13+00:00","dateModified":"2021-10-26T09:11:57+00:00","breadcrumb":{"@id":"https:\/\/barcelonaviptour.com\/es\/terminos-y-condiciones\/#breadcrumb"},"inLanguage":"es","potentialAction":[{"@type":"ReadAction","target":["https:\/\/barcelonaviptour.com\/es\/terminos-y-condiciones\/"]}]},{"@type":"BreadcrumbList","@id":"https:\/\/barcelonaviptour.com\/es\/terminos-y-condiciones\/#breadcrumb","itemListElement":[{"@type":"ListItem","position":1,"name":"Portada","item":"https:\/\/barcelonaviptour.com\/es\/"},{"@type":"ListItem","position":2,"name":"T\u00c9RMINOS Y CONDICIONES"}]},{"@type":"WebSite","@id":"https:\/\/barcelonaviptour.com\/es\/#website","url":"https:\/\/barcelonaviptour.com\/es\/","name":"Best Barcelona Private tours and event designer","description":"We are Private Tours specialist in Barcelona, we don&#039;t sell tours, we offer emotions!!","publisher":{"@id":"https:\/\/barcelonaviptour.com\/es\/#organization"},"alternateName":"Private Barcelona tours and events","potentialAction":[{"@type":"SearchAction","target":{"@type":"EntryPoint","urlTemplate":"https:\/\/barcelonaviptour.com\/es\/?s={search_term_string}"},"query-input":{"@type":"PropertyValueSpecification","valueRequired":true,"valueName":"search_term_string"}}],"inLanguage":"es"},{"@type":"Organization","@id":"https:\/\/barcelonaviptour.com\/es\/#organization","name":"Barcelona Vip Tour","alternateName":"BCN Vip Tours","url":"https:\/\/barcelonaviptour.com\/es\/","logo":{"@type":"ImageObject","inLanguage":"es","@id":"https:\/\/barcelonaviptour.com\/es\/#\/schema\/logo\/image\/","url":"https:\/\/barcelonaviptour.com\/wp-content\/uploads\/2022\/05\/logo-web-barcelonaviptour-420.png","contentUrl":"https:\/\/barcelonaviptour.com\/wp-content\/uploads\/2022\/05\/logo-web-barcelonaviptour-420.png","width":420,"height":276,"caption":"Barcelona Vip Tour"},"image":{"@id":"https:\/\/barcelonaviptour.com\/es\/#\/schema\/logo\/image\/"},"sameAs":["https:\/\/www.facebook.com\/barcelonaviptour\/","https:\/\/x.com\/BcnVIPtour","https:\/\/www.instagram.com\/barcelonaviptour\/","https:\/\/www.youtube.com\/channel\/UCiKTLk7pGHWUm1BAPxuhPSw"]}]}},"_links":{"self":[{"href":"https:\/\/barcelonaviptour.com\/es\/wp-json\/wp\/v2\/pages\/8905","targetHints":{"allow":["GET"]}}],"collection":[{"href":"https:\/\/barcelonaviptour.com\/es\/wp-json\/wp\/v2\/pages"}],"about":[{"href":"https:\/\/barcelonaviptour.com\/es\/wp-json\/wp\/v2\/types\/page"}],"author":[{"embeddable":true,"href":"https:\/\/barcelonaviptour.com\/es\/wp-json\/wp\/v2\/users\/2"}],"replies":[{"embeddable":true,"href":"https:\/\/barcelonaviptour.com\/es\/wp-json\/wp\/v2\/comments?post=8905"}],"version-history":[{"count":0,"href":"https:\/\/barcelonaviptour.com\/es\/wp-json\/wp\/v2\/pages\/8905\/revisions"}],"wp:attachment":[{"href":"https:\/\/barcelonaviptour.com\/es\/wp-json\/wp\/v2\/media?parent=8905"}],"curies":[{"name":"wp","href":"https:\/\/api.w.org\/{rel}","templated":true}]}}